{"id":1528,"date":"2024-11-17T10:56:39","date_gmt":"2024-11-17T08:56:39","guid":{"rendered":"https:\/\/vana.polvakool.ee\/?page_id=1528"},"modified":"2025-12-22T12:04:09","modified_gmt":"2025-12-22T10:04:09","slug":"tule-toole","status":"publish","type":"page","link":"https:\/\/polvakool.ee\/test\/tule-toole\/","title":{"rendered":"Tule t\u00f6\u00f6le"},"content":{"rendered":"\t\t<div data-elementor-type=\"wp-page\" data-elementor-id=\"1528\" class=\"elementor elementor-1528\" data-elementor-post-type=\"page\">\n\t\t\t\t<div class=\"elementor-element elementor-element-7f9027cb e-flex e-con-boxed e-con e-parent\" data-id=\"7f9027cb\" data-element_type=\"container\" data-e-type=\"container\" data-settings=\"{&quot;background_background&quot;:&quot;classic&quot;}\">\n\t\t\t\t\t<div class=\"e-con-inner\">\n\t\t<div class=\"elementor-element elementor-element-240fa28e e-con-full e-flex e-con e-child\" data-id=\"240fa28e\" data-element_type=\"container\" data-e-type=\"container\" data-settings=\"{&quot;background_background&quot;:&quot;classic&quot;}\">\n\t\t\t\t<div class=\"elementor-element elementor-element-76e61de0 elementor-widget elementor-widget-heading\" data-id=\"76e61de0\" data-element_type=\"widget\" data-e-type=\"widget\" data-widget_type=\"heading.default\">\n\t\t\t\t<div class=\"elementor-widget-container\">\n\t\t\t\t\t<h2 class=\"elementor-heading-title elementor-size-default\">Tule t\u00f6\u00f6le<\/h2>\t\t\t\t<\/div>\n\t\t\t\t<\/div>\n\t\t\t\t<\/div>\n\t\t\t\t\t<\/div>\n\t\t\t\t<\/div>\n\t\t<div class=\"elementor-element elementor-element-9b2df42 e-flex e-con-boxed e-con e-parent\" data-id=\"9b2df42\" data-element_type=\"container\" data-e-type=\"container\">\n\t\t\t\t\t<div class=\"e-con-inner\">\n\t\t\t\t<div class=\"elementor-element elementor-element-dd6abdd elementor-hidden-desktop elementor-hidden-tablet elementor-hidden-mobile elementor-widget elementor-widget-text-editor\" data-id=\"dd6abdd\" data-element_type=\"widget\" data-e-type=\"widget\" data-widget_type=\"text-editor.default\">\n\t\t\t\t<div class=\"elementor-widget-container\">\n\t\t\t\t\t\t\t\t\t<p>Hetkel meie koolis vabu t\u00f6\u00f6kohti ei ole, aga v\u00f5ib-olla oled just sina meie tulevane kolleeg!<\/p>\t\t\t\t\t\t\t\t<\/div>\n\t\t\t\t<\/div>\n\t\t\t\t\t<\/div>\n\t\t\t\t<\/div>\n\t\t<div class=\"elementor-element elementor-element-183c884 e-flex e-con-boxed e-con e-parent\" data-id=\"183c884\" data-element_type=\"container\" data-e-type=\"container\" data-settings=\"{&quot;background_background&quot;:&quot;classic&quot;}\">\n\t\t\t\t\t<div class=\"e-con-inner\">\n\t\t<div class=\"elementor-element elementor-element-12613e4 e-con-full e-flex e-con e-child\" data-id=\"12613e4\" data-element_type=\"container\" data-e-type=\"container\" data-settings=\"{&quot;background_background&quot;:&quot;classic&quot;}\">\n\t\t<div class=\"elementor-element elementor-element-ae9db19 e-con-full e-flex e-con e-child\" data-id=\"ae9db19\" data-element_type=\"container\" data-e-type=\"container\" data-settings=\"{&quot;background_background&quot;:&quot;classic&quot;}\">\n\t\t\t\t<div class=\"elementor-element elementor-element-41c7912 elementor-widget elementor-widget-text-editor\" data-id=\"41c7912\" data-element_type=\"widget\" data-e-type=\"widget\" data-widget_type=\"text-editor.default\">\n\t\t\t\t<div class=\"elementor-widget-container\">\n\t\t\t\t\t\t\t\t\t<p><strong>P\u00f5lva Kool otsib avaliku konkursi korras Keskmajja<\/strong><\/p><p>\u00a0<\/p><ul><li><strong>LOODUSAINETE \u00d5PETAJAT<\/strong> (1,0 koormusega)<\/li><\/ul><p>\u00a0<\/p><p><strong>Ootame Sind meie meeskonnaga liituma, kui Sul on:<\/strong><\/p><ul><li>erialane haridus ja kvalifikatsioon v\u00f5i oled selle omandamisel;<\/li><li>soov panustada meeskonnat\u00f6\u00f6sse ning \u00f5ppijas\u00f5braliku ja v\u00e4\u00e4rtusp\u00f5hise koolikeskkonna kujundamisse;<\/li><li>huvi ja valmidus kaasa r\u00e4\u00e4kida koolielu arendamises ning uuenduste elluviimises;<\/li><li>oskus ja soov teha koost\u00f6\u00f6d \u00f5pilaste, lastevanemate ja kolleegidega;<\/li><li>v\u00e4ga hea suhtlemis- ja koost\u00f6\u00f6oskus, avatud hoiak ning abivalmidus;<\/li><li>positiivne ellusuhtumine ja empaatiav\u00f5ime;<\/li><li>hea suuline ja kirjalik enesev\u00e4ljendusoskus;<\/li><li>v\u00f5ime t\u00f6\u00f6tada tulemuslikult ka pingelistes olukordades ning oskus oma aega t\u00f5husalt planeerida;<\/li><li>eesti keele oskus v\u00e4hemalt C1 tasemel.<\/li><\/ul><p>\u00a0<\/p><p><strong>Meie juures ootab Sind:<\/strong><\/p><ul><li>missiooniga t\u00f6\u00f6 ja eneseteostusv\u00f5imalus Kagu-Eesti suurimas p\u00f5hikoolis;<\/li><li>vastutusrikas ja mitmekesine t\u00f6\u00f6, kus saad anda oma panuse noorte arengusse;<\/li><li>p\u00fchendunud ja toetav meeskond, kellega koos kujundada v\u00e4\u00e4rtusp\u00f5hist koolikultuuri;<\/li><li>v\u00f5imalus pidevaks professionaalseks arenguks, koolitusteks ja eneset\u00e4iendamiseks;<\/li><li>kaasaegsed t\u00f6\u00f6tingimused ja mentori tugi uutele t\u00f6\u00f6tajatele vastavalt vajadusele.<\/li><\/ul><p>\u00a0<\/p><p>Kandideerimiseks palume hiljemalt 11.01.2026 saata digitaalselt allkirjastatud avaldus, CV, motivatsioonikiri ning haridust t\u00f5endavate dokumentide koopiad e-posti aadressile <a href=\"mailto:personal@polvakool.ee\">personal@polvakool.ee<\/a>.<\/p><p>\u00a0<\/p><p><strong>T\u00e4iendav info:<\/strong><br \/>Siret Rammul, 5.-9. kl \u00f5ppejuht, telefon 5819 0695.<\/p>\t\t\t\t\t\t\t\t<\/div>\n\t\t\t\t<\/div>\n\t\t\t\t<div class=\"elementor-element elementor-element-1158e3f e-transform e-transform elementor-widget elementor-widget-button\" data-id=\"1158e3f\" data-element_type=\"widget\" data-e-type=\"widget\" data-settings=\"{&quot;_transform_translateX_effect&quot;:{&quot;unit&quot;:&quot;px&quot;,&quot;size&quot;:0,&quot;sizes&quot;:[]},&quot;_transform_translateY_effect&quot;:{&quot;unit&quot;:&quot;px&quot;,&quot;size&quot;:0,&quot;sizes&quot;:[]},&quot;_transform_translateX_effect_hover&quot;:{&quot;unit&quot;:&quot;px&quot;,&quot;size&quot;:3,&quot;sizes&quot;:[]},&quot;_transform_translateX_effect_tablet&quot;:{&quot;unit&quot;:&quot;px&quot;,&quot;size&quot;:&quot;&quot;,&quot;sizes&quot;:[]},&quot;_transform_translateX_effect_mobile&quot;:{&quot;unit&quot;:&quot;px&quot;,&quot;size&quot;:&quot;&quot;,&quot;sizes&quot;:[]},&quot;_transform_translateY_effect_tablet&quot;:{&quot;unit&quot;:&quot;px&quot;,&quot;size&quot;:&quot;&quot;,&quot;sizes&quot;:[]},&quot;_transform_translateY_effect_mobile&quot;:{&quot;unit&quot;:&quot;px&quot;,&quot;size&quot;:&quot;&quot;,&quot;sizes&quot;:[]},&quot;_transform_translateX_effect_hover_tablet&quot;:{&quot;unit&quot;:&quot;px&quot;,&quot;size&quot;:&quot;&quot;,&quot;sizes&quot;:[]},&quot;_transform_translateX_effect_hover_mobile&quot;:{&quot;unit&quot;:&quot;px&quot;,&quot;size&quot;:&quot;&quot;,&quot;sizes&quot;:[]},&quot;_transform_translateY_effect_hover&quot;:{&quot;unit&quot;:&quot;px&quot;,&quot;size&quot;:&quot;&quot;,&quot;sizes&quot;:[]},&quot;_transform_translateY_effect_hover_tablet&quot;:{&quot;unit&quot;:&quot;px&quot;,&quot;size&quot;:&quot;&quot;,&quot;sizes&quot;:[]},&quot;_transform_translateY_effect_hover_mobile&quot;:{&quot;unit&quot;:&quot;px&quot;,&quot;size&quot;:&quot;&quot;,&quot;sizes&quot;:[]}}\" data-widget_type=\"button.default\">\n\t\t\t\t<div class=\"elementor-widget-container\">\n\t\t\t\t\t\t\t\t\t<div class=\"elementor-button-wrapper\">\n\t\t\t\t\t<a class=\"elementor-button elementor-button-link elementor-size-sm\" href=\"https:\/\/www.tootukassa.ee\/et\/toopakkumised?otsisona=polva%20kool&#038;eestiToopakkumine=1\" target=\"_blank\">\n\t\t\t\t\t\t<span class=\"elementor-button-content-wrapper\">\n\t\t\t\t\t\t\t\t\t<span class=\"elementor-button-text\">Tutvu t\u00f6\u00f6pakkumistega<\/span>\n\t\t\t\t\t<\/span>\n\t\t\t\t\t<\/a>\n\t\t\t\t<\/div>\n\t\t\t\t\t\t\t\t<\/div>\n\t\t\t\t<\/div>\n\t\t\t\t<\/div>\n\t\t<div class=\"elementor-element elementor-element-275e4fb e-con-full e-flex e-con e-child\" data-id=\"275e4fb\" data-element_type=\"container\" data-e-type=\"container\" data-settings=\"{&quot;background_background&quot;:&quot;classic&quot;}\">\n\t\t<div class=\"elementor-element elementor-element-6a6783c e-con-full e-flex e-con e-child\" data-id=\"6a6783c\" data-element_type=\"container\" data-e-type=\"container\" data-settings=\"{&quot;background_background&quot;:&quot;classic&quot;}\">\n\t\t\t\t<div class=\"elementor-element elementor-element-59c4e62 elementor-widget elementor-widget-text-editor\" data-id=\"59c4e62\" data-element_type=\"widget\" data-e-type=\"widget\" data-widget_type=\"text-editor.default\">\n\t\t\t\t<div class=\"elementor-widget-container\">\n\t\t\t\t\t\t\t\t\t<p><strong>Soovid anda oma panuse haridusse ja t\u00f6\u00f6tada arenevas koolikeskkonnas?<\/strong><\/p><p><strong>\u00a0<\/strong><\/p><p>P\u00f5lva Kool otsib avaliku konkursi korras Keskmajja<\/p><p>\u00a0<\/p><ul><li><strong>EESTI KEELE JA KIRJANDUSE \u00d5PETAJAT<\/strong> (0,70 koormusega);<\/li><li><strong>EESTI KEEL TEISE KEELENA \u00d5PETAJAT<\/strong> (0,50 koormusega, t\u00e4htajaline t\u00f6\u00f6leping<br \/>kuni 18.06.2026);<\/li><li><strong>F\u00dc\u00dcSIKA\u00d5PETAJAT<\/strong> (1,0 koormusega)<\/li><\/ul><p>\u00a0<\/p><p><strong>Ootame meie meeskonnaga liituma Sind, kui Sul on:<\/strong><\/p><ul><li>erialane haridus ja kvalifikatsioon v\u00f5i oled selle omandamisel;<\/li><li>soov panustada meeskonnat\u00f6\u00f6sse ning \u00f5ppijas\u00f5braliku ja v\u00e4\u00e4rtusp\u00f5hise koolikeskkonna kujundamisse;<\/li><li>huvi ja valmidus kaasa r\u00e4\u00e4kida koolielu arendamises ning uuenduste elluviimises;<\/li><li>oskus ja soov teha koost\u00f6\u00f6d \u00f5pilaste, lastevanemate ja kolleegidega;<\/li><li>v\u00e4ga hea suhtlemis- ja koost\u00f6\u00f6oskus, avatud hoiak ning abivalmidus;<\/li><li>positiivne ellusuhtumine ja empaatiav\u00f5ime;<\/li><li>hea suuline ja kirjalik enesev\u00e4ljendusoskus;<\/li><li>v\u00f5ime t\u00f6\u00f6tada tulemuslikult ka pingelistes olukordades ning oskus oma aega t\u00f5husalt planeerida;<\/li><li>eesti keele oskus v\u00e4hemalt C1 tasemel.<\/li><\/ul><p>\u00a0<\/p><p><strong>Meie juures ootab Sind:<\/strong><\/p><ul><li>missiooniga t\u00f6\u00f6 ja eneseteostusv\u00f5imalus Kagu-Eesti suurimas p\u00f5hikoolis;<\/li><li>vastutusrikas ja mitmekesine t\u00f6\u00f6, kus saad anda oma panuse noorte arengusse;<\/li><li>p\u00fchendunud ja toetav meeskond, kellega koos kujundada v\u00e4\u00e4rtusp\u00f5hist koolikultuuri;<\/li><li>v\u00f5imalus pidevaks professionaalseks arenguks, koolitusteks ja eneset\u00e4iendamiseks;<\/li><li>kaasaegsed t\u00f6\u00f6tingimused ja mentori tugi uutele t\u00f6\u00f6tajatele vastavalt vajadusele.<\/li><\/ul><p>\u00a0<\/p><p>Kandideerimiseks palume hiljemalt 31.12.2025 saata digitaalselt allkirjastatud avaldus, CV,\u00a0 motivatsioonikiri ning haridust t\u00f5endavate dokumentide koopiad e-posti aadressile <a href=\"mailto:personal@polvakool.ee\">personal@polvakool.ee<\/a>.<\/p><p>\u00a0<\/p><p><strong>T\u00e4iendav info:<\/strong><br \/>Siret Rammul, 5.-9. kl \u00f5ppejuht, telefon 5819 0695.<\/p>\t\t\t\t\t\t\t\t<\/div>\n\t\t\t\t<\/div>\n\t\t\t\t<div class=\"elementor-element elementor-element-c19e11e e-transform e-transform elementor-widget elementor-widget-button\" data-id=\"c19e11e\" data-element_type=\"widget\" data-e-type=\"widget\" data-settings=\"{&quot;_transform_translateX_effect&quot;:{&quot;unit&quot;:&quot;px&quot;,&quot;size&quot;:0,&quot;sizes&quot;:[]},&quot;_transform_translateY_effect&quot;:{&quot;unit&quot;:&quot;px&quot;,&quot;size&quot;:0,&quot;sizes&quot;:[]},&quot;_transform_translateX_effect_hover&quot;:{&quot;unit&quot;:&quot;px&quot;,&quot;size&quot;:3,&quot;sizes&quot;:[]},&quot;_transform_translateX_effect_tablet&quot;:{&quot;unit&quot;:&quot;px&quot;,&quot;size&quot;:&quot;&quot;,&quot;sizes&quot;:[]},&quot;_transform_translateX_effect_mobile&quot;:{&quot;unit&quot;:&quot;px&quot;,&quot;size&quot;:&quot;&quot;,&quot;sizes&quot;:[]},&quot;_transform_translateY_effect_tablet&quot;:{&quot;unit&quot;:&quot;px&quot;,&quot;size&quot;:&quot;&quot;,&quot;sizes&quot;:[]},&quot;_transform_translateY_effect_mobile&quot;:{&quot;unit&quot;:&quot;px&quot;,&quot;size&quot;:&quot;&quot;,&quot;sizes&quot;:[]},&quot;_transform_translateX_effect_hover_tablet&quot;:{&quot;unit&quot;:&quot;px&quot;,&quot;size&quot;:&quot;&quot;,&quot;sizes&quot;:[]},&quot;_transform_translateX_effect_hover_mobile&quot;:{&quot;unit&quot;:&quot;px&quot;,&quot;size&quot;:&quot;&quot;,&quot;sizes&quot;:[]},&quot;_transform_translateY_effect_hover&quot;:{&quot;unit&quot;:&quot;px&quot;,&quot;size&quot;:&quot;&quot;,&quot;sizes&quot;:[]},&quot;_transform_translateY_effect_hover_tablet&quot;:{&quot;unit&quot;:&quot;px&quot;,&quot;size&quot;:&quot;&quot;,&quot;sizes&quot;:[]},&quot;_transform_translateY_effect_hover_mobile&quot;:{&quot;unit&quot;:&quot;px&quot;,&quot;size&quot;:&quot;&quot;,&quot;sizes&quot;:[]}}\" data-widget_type=\"button.default\">\n\t\t\t\t<div class=\"elementor-widget-container\">\n\t\t\t\t\t\t\t\t\t<div class=\"elementor-button-wrapper\">\n\t\t\t\t\t<a class=\"elementor-button elementor-button-link elementor-size-sm\" href=\"https:\/\/www.tootukassa.ee\/et\/toopakkumised?otsisona=polva%20kool&#038;eestiToopakkumine=1\" target=\"_blank\">\n\t\t\t\t\t\t<span class=\"elementor-button-content-wrapper\">\n\t\t\t\t\t\t\t\t\t<span class=\"elementor-button-text\">Tutvu t\u00f6\u00f6pakkumistega<\/span>\n\t\t\t\t\t<\/span>\n\t\t\t\t\t<\/a>\n\t\t\t\t<\/div>\n\t\t\t\t\t\t\t\t<\/div>\n\t\t\t\t<\/div>\n\t\t\t\t<\/div>\n\t\t\t\t<\/div>\n\t\t\t\t<\/div>\n\t\t<div class=\"elementor-element elementor-element-a3a440e e-con-full e-flex e-con e-child\" data-id=\"a3a440e\" data-element_type=\"container\" data-e-type=\"container\" data-settings=\"{&quot;background_background&quot;:&quot;classic&quot;}\">\n\t\t<div class=\"elementor-element elementor-element-e53d9bc e-con-full e-flex e-con e-child\" data-id=\"e53d9bc\" data-element_type=\"container\" data-e-type=\"container\" data-settings=\"{&quot;background_background&quot;:&quot;classic&quot;}\">\n\t\t\t\t<\/div>\n\t\t\t\t<\/div>\n\t\t\t\t\t<\/div>\n\t\t\t\t<\/div>\n\t\t\t\t<\/div>\n\t\t","protected":false},"excerpt":{"rendered":"<p>Tule t\u00f6\u00f6le Hetkel meie koolis vabu t\u00f6\u00f6kohti ei ole, aga v\u00f5ib-olla oled just sina meie tulevane kolleeg! P\u00f5lva Kool otsib avaliku konkursi korras Keskmajja \u00a0 LOODUSAINETE \u00d5PETAJAT (1,0 koormusega) \u00a0 Ootame Sind meie meeskonnaga liituma, kui Sul on: erialane haridus ja kvalifikatsioon v\u00f5i oled selle omandamisel; soov panustada meeskonnat\u00f6\u00f6sse ning \u00f5ppijas\u00f5braliku ja v\u00e4\u00e4rtusp\u00f5hise koolikeskkonna kujundamisse; [&hellip;]<\/p>\n","protected":false},"author":1,"featured_media":0,"parent":0,"menu_order":0,"comment_status":"closed","ping_status":"closed","template":"elementor_header_footer","meta":{"_acf_changed":false,"iawp_total_views":4220,"footnotes":""},"class_list":["post-1528","page","type-page","status-publish","hentry"],"acf":[],"_links":{"self":[{"href":"https:\/\/polvakool.ee\/test\/wp-json\/wp\/v2\/pages\/1528","targetHints":{"allow":["GET"]}}],"collection":[{"href":"https:\/\/polvakool.ee\/test\/wp-json\/wp\/v2\/pages"}],"about":[{"href":"https:\/\/polvakool.ee\/test\/wp-json\/wp\/v2\/types\/page"}],"author":[{"embeddable":true,"href":"https:\/\/polvakool.ee\/test\/wp-json\/wp\/v2\/users\/1"}],"replies":[{"embeddable":true,"href":"https:\/\/polvakool.ee\/test\/wp-json\/wp\/v2\/comments?post=1528"}],"version-history":[{"count":272,"href":"https:\/\/polvakool.ee\/test\/wp-json\/wp\/v2\/pages\/1528\/revisions"}],"predecessor-version":[{"id":4788,"href":"https:\/\/polvakool.ee\/test\/wp-json\/wp\/v2\/pages\/1528\/revisions\/4788"}],"wp:attachment":[{"href":"https:\/\/polvakool.ee\/test\/wp-json\/wp\/v2\/media?parent=1528"}],"curies":[{"name":"wp","href":"https:\/\/api.w.org\/{rel}","templated":true}]}}