{"id":2155,"date":"2025-01-30T10:35:54","date_gmt":"2025-01-30T08:35:54","guid":{"rendered":"https:\/\/vana.polvakool.ee\/?page_id=2155"},"modified":"2025-04-29T10:41:03","modified_gmt":"2025-04-29T08:41:03","slug":"mooste-moisamaja","status":"publish","type":"page","link":"https:\/\/polvakool.ee\/test\/mooste-moisamaja\/","title":{"rendered":"Mooste m\u00f5isamaja"},"content":{"rendered":"\t\t<div data-elementor-type=\"wp-page\" data-elementor-id=\"2155\" class=\"elementor elementor-2155\" data-elementor-post-type=\"page\">\n\t\t\t\t<div class=\"elementor-element elementor-element-38fd1d72 e-flex e-con-boxed e-con e-parent\" data-id=\"38fd1d72\" data-element_type=\"container\" data-e-type=\"container\" data-settings=\"{&quot;background_background&quot;:&quot;classic&quot;}\">\n\t\t\t\t\t<div class=\"e-con-inner\">\n\t\t<div class=\"elementor-element elementor-element-4602e661 e-con-full e-flex e-con e-child\" data-id=\"4602e661\" data-element_type=\"container\" data-e-type=\"container\" data-settings=\"{&quot;background_background&quot;:&quot;classic&quot;}\">\n\t\t\t\t<div class=\"elementor-element elementor-element-7cc58c6d elementor-widget elementor-widget-heading\" data-id=\"7cc58c6d\" data-element_type=\"widget\" data-e-type=\"widget\" data-widget_type=\"heading.default\">\n\t\t\t\t<div class=\"elementor-widget-container\">\n\t\t\t\t\t<h2 class=\"elementor-heading-title elementor-size-default\">Info t\u00e4iendamisel <\/h2>\t\t\t\t<\/div>\n\t\t\t\t<\/div>\n\t\t\t\t<\/div>\n\t\t\t\t<div class=\"elementor-element elementor-element-1e95842a elementor-widget elementor-widget-text-editor\" data-id=\"1e95842a\" data-element_type=\"widget\" data-e-type=\"widget\" data-widget_type=\"text-editor.default\">\n\t\t\t\t<div class=\"elementor-widget-container\">\n\t\t\t\t\t\t\t\t\t<p>See alamleht on hetkel t\u00e4iendamisel. Tulge peagi tagasi, et n\u00e4ha v\u00e4rskeimat infot!<\/p>\t\t\t\t\t\t\t\t<\/div>\n\t\t\t\t<\/div>\n\t\t<div class=\"elementor-element elementor-element-1ebce9b1 e-con-full e-flex e-con e-child\" data-id=\"1ebce9b1\" data-element_type=\"container\" data-e-type=\"container\">\n\t\t\t\t<\/div>\n\t\t\t\t\t<\/div>\n\t\t\t\t<\/div>\n\t\t\t\t<\/div>\n\t\t","protected":false},"excerpt":{"rendered":"<p>Info t\u00e4iendamisel See alamleht on hetkel t\u00e4iendamisel. Tulge peagi tagasi, et n\u00e4ha v\u00e4rskeimat infot!<\/p>\n","protected":false},"author":1,"featured_media":0,"parent":0,"menu_order":0,"comment_status":"closed","ping_status":"closed","template":"elementor_header_footer","meta":{"_acf_changed":false,"iawp_total_views":510,"footnotes":""},"class_list":["post-2155","page","type-page","status-publish","hentry"],"acf":[],"_links":{"self":[{"href":"https:\/\/polvakool.ee\/test\/wp-json\/wp\/v2\/pages\/2155","targetHints":{"allow":["GET"]}}],"collection":[{"href":"https:\/\/polvakool.ee\/test\/wp-json\/wp\/v2\/pages"}],"about":[{"href":"https:\/\/polvakool.ee\/test\/wp-json\/wp\/v2\/types\/page"}],"author":[{"embeddable":true,"href":"https:\/\/polvakool.ee\/test\/wp-json\/wp\/v2\/users\/1"}],"replies":[{"embeddable":true,"href":"https:\/\/polvakool.ee\/test\/wp-json\/wp\/v2\/comments?post=2155"}],"version-history":[{"count":9,"href":"https:\/\/polvakool.ee\/test\/wp-json\/wp\/v2\/pages\/2155\/revisions"}],"predecessor-version":[{"id":3295,"href":"https:\/\/polvakool.ee\/test\/wp-json\/wp\/v2\/pages\/2155\/revisions\/3295"}],"wp:attachment":[{"href":"https:\/\/polvakool.ee\/test\/wp-json\/wp\/v2\/media?parent=2155"}],"curies":[{"name":"wp","href":"https:\/\/api.w.org\/{rel}","templated":true}]}}