{"id":2186,"date":"2025-01-30T15:54:40","date_gmt":"2025-01-30T13:54:40","guid":{"rendered":"https:\/\/vana.polvakool.ee\/?page_id=2186"},"modified":"2025-04-29T10:33:38","modified_gmt":"2025-04-29T08:33:38","slug":"ahnioru-maja","status":"publish","type":"page","link":"https:\/\/polvakool.ee\/test\/ahnioru-maja\/","title":{"rendered":"\u00c4hnioru maja"},"content":{"rendered":"\t\t<div data-elementor-type=\"wp-page\" data-elementor-id=\"2186\" class=\"elementor elementor-2186\" data-elementor-post-type=\"page\">\n\t\t\t\t<div class=\"elementor-element elementor-element-65ae7356 e-flex e-con-boxed e-con e-parent\" data-id=\"65ae7356\" data-element_type=\"container\" data-e-type=\"container\" data-settings=\"{&quot;background_background&quot;:&quot;classic&quot;}\">\n\t\t\t\t\t<div class=\"e-con-inner\">\n\t\t<div class=\"elementor-element elementor-element-564b1577 e-con-full e-flex e-con e-child\" data-id=\"564b1577\" data-element_type=\"container\" data-e-type=\"container\" data-settings=\"{&quot;background_background&quot;:&quot;classic&quot;}\">\n\t\t\t\t<div class=\"elementor-element elementor-element-495b391c elementor-widget elementor-widget-heading\" data-id=\"495b391c\" data-element_type=\"widget\" data-e-type=\"widget\" data-widget_type=\"heading.default\">\n\t\t\t\t<div class=\"elementor-widget-container\">\n\t\t\t\t\t<h2 class=\"elementor-heading-title elementor-size-default\">Info t\u00e4iendamisel <\/h2>\t\t\t\t<\/div>\n\t\t\t\t<\/div>\n\t\t\t\t<\/div>\n\t\t\t\t<div class=\"elementor-element elementor-element-2eb8d4a elementor-widget elementor-widget-text-editor\" data-id=\"2eb8d4a\" data-element_type=\"widget\" data-e-type=\"widget\" data-widget_type=\"text-editor.default\">\n\t\t\t\t<div class=\"elementor-widget-container\">\n\t\t\t\t\t\t\t\t\t<p>See alamleht on hetkel t\u00e4iendamisel. Tulge peagi tagasi, et n\u00e4ha v\u00e4rskeimat infot!<\/p>\t\t\t\t\t\t\t\t<\/div>\n\t\t\t\t<\/div>\n\t\t<div class=\"elementor-element elementor-element-3acd31bf e-con-full e-flex e-con e-child\" data-id=\"3acd31bf\" data-element_type=\"container\" data-e-type=\"container\">\n\t\t\t\t<\/div>\n\t\t\t\t\t<\/div>\n\t\t\t\t<\/div>\n\t\t\t\t<\/div>\n\t\t","protected":false},"excerpt":{"rendered":"<p>Info t\u00e4iendamisel See alamleht on hetkel t\u00e4iendamisel. Tulge peagi tagasi, et n\u00e4ha v\u00e4rskeimat infot!<\/p>\n","protected":false},"author":1,"featured_media":0,"parent":0,"menu_order":0,"comment_status":"closed","ping_status":"closed","template":"elementor_header_footer","meta":{"_acf_changed":false,"iawp_total_views":1736,"footnotes":""},"class_list":["post-2186","page","type-page","status-publish","hentry"],"acf":[],"_links":{"self":[{"href":"https:\/\/polvakool.ee\/test\/wp-json\/wp\/v2\/pages\/2186","targetHints":{"allow":["GET"]}}],"collection":[{"href":"https:\/\/polvakool.ee\/test\/wp-json\/wp\/v2\/pages"}],"about":[{"href":"https:\/\/polvakool.ee\/test\/wp-json\/wp\/v2\/types\/page"}],"author":[{"embeddable":true,"href":"https:\/\/polvakool.ee\/test\/wp-json\/wp\/v2\/users\/1"}],"replies":[{"embeddable":true,"href":"https:\/\/polvakool.ee\/test\/wp-json\/wp\/v2\/comments?post=2186"}],"version-history":[{"count":7,"href":"https:\/\/polvakool.ee\/test\/wp-json\/wp\/v2\/pages\/2186\/revisions"}],"predecessor-version":[{"id":3292,"href":"https:\/\/polvakool.ee\/test\/wp-json\/wp\/v2\/pages\/2186\/revisions\/3292"}],"wp:attachment":[{"href":"https:\/\/polvakool.ee\/test\/wp-json\/wp\/v2\/media?parent=2186"}],"curies":[{"name":"wp","href":"https:\/\/api.w.org\/{rel}","templated":true}]}}