{"id":2188,"date":"2025-01-30T15:54:58","date_gmt":"2025-01-30T13:54:58","guid":{"rendered":"https:\/\/vana.polvakool.ee\/?page_id=2188"},"modified":"2025-08-27T10:19:22","modified_gmt":"2025-08-27T08:19:22","slug":"erasmus-akrediteering","status":"publish","type":"page","link":"https:\/\/polvakool.ee\/test\/erasmus\/erasmus-akrediteering\/","title":{"rendered":"Erasmus akrediteering"},"content":{"rendered":"\t\t<div data-elementor-type=\"wp-page\" data-elementor-id=\"2188\" class=\"elementor elementor-2188\" data-elementor-post-type=\"page\">\n\t\t\t\t<div class=\"elementor-element elementor-element-65ae7356 e-flex e-con-boxed e-con e-parent\" data-id=\"65ae7356\" data-element_type=\"container\" data-e-type=\"container\" data-settings=\"{&quot;background_background&quot;:&quot;classic&quot;}\">\n\t\t\t\t\t<div class=\"e-con-inner\">\n\t\t<div class=\"elementor-element elementor-element-564b1577 e-flex e-con-boxed e-con e-child\" data-id=\"564b1577\" data-element_type=\"container\" data-e-type=\"container\" data-settings=\"{&quot;background_background&quot;:&quot;classic&quot;}\">\n\t\t\t\t\t<div class=\"e-con-inner\">\n\t\t\t\t\t<\/div>\n\t\t\t\t<\/div>\n\t\t<div class=\"elementor-element elementor-element-3acd31bf e-con-full e-flex e-con e-child\" data-id=\"3acd31bf\" data-element_type=\"container\" data-e-type=\"container\">\n\t\t\t\t<div class=\"elementor-element elementor-element-b71e481 elementor-widget elementor-widget-heading\" data-id=\"b71e481\" data-element_type=\"widget\" data-e-type=\"widget\" data-widget_type=\"heading.default\">\n\t\t\t\t<div class=\"elementor-widget-container\">\n\t\t\t\t\t<h2 class=\"elementor-heading-title elementor-size-default\">P\u00f5lva Koolil on Erasmus+ akrediteering<\/h2>\t\t\t\t<\/div>\n\t\t\t\t<\/div>\n\t\t\t\t<div class=\"elementor-element elementor-element-2eb8d4a elementor-widget elementor-widget-text-editor\" data-id=\"2eb8d4a\" data-element_type=\"widget\" data-e-type=\"widget\" data-widget_type=\"text-editor.default\">\n\t\t\t\t<div class=\"elementor-widget-container\">\n\t\t\t\t\t\t\t\t\t<p>P\u00f5lva Koolil on Erasmus+ akrediteering &nbsp;01.02.2023 \u2013 31.12.2027<\/p>\n<p><br><\/p>\n<p><\/p>\n<p>P\u00f5lva Kooli akrediteeringu eesm\u00e4rgid:<\/p>\n<ul><li><span style=\"background-color: transparent; color: var( --e-global-color-text ); text-align: var(--text-align);\">Eesm\u00e4rk 1 Koost\u00f6\u00f6 ja kogukondade v\u00f5rgustike loomine;<\/span><\/li><li><span style=\"background-color: transparent; color: var( --e-global-color-text ); text-align: var(--text-align);\">Eesm\u00e4rk 2 Ainete l\u00f5iming ja alternatiivsete \u00f5petamis- ning \u00f5ppimismeetodite kasutuselev\u00f5tt k\u00f5igis kooliastmetes l\u00e4htudes \u00f5pilaste individuaalsusest;<\/span><\/li><li><span style=\"background-color: transparent; color: var( --e-global-color-text ); text-align: var(--text-align);\">Eesm\u00e4rk 3 Digi- ja meediap\u00e4devuste oskuslikum rakendamine koolis.<\/span><\/li><\/ul><ol>\n<\/ol>\t\t\t\t\t\t\t\t<\/div>\n\t\t\t\t<\/div>\n\t\t\t\t<\/div>\n\t\t\t\t\t<\/div>\n\t\t\t\t<\/div>\n\t\t\t\t<\/div>\n\t\t","protected":false},"excerpt":{"rendered":"<p>P\u00f5lva Koolil on Erasmus+ akrediteering P\u00f5lva Koolil on Erasmus+ akrediteering &nbsp;01.02.2023 \u2013 31.12.2027 P\u00f5lva Kooli akrediteeringu eesm\u00e4rgid: Eesm\u00e4rk 1 Koost\u00f6\u00f6 ja kogukondade v\u00f5rgustike loomine; Eesm\u00e4rk 2 Ainete l\u00f5iming ja alternatiivsete \u00f5petamis- ning \u00f5ppimismeetodite kasutuselev\u00f5tt k\u00f5igis kooliastmetes l\u00e4htudes \u00f5pilaste individuaalsusest; Eesm\u00e4rk 3 Digi- ja meediap\u00e4devuste oskuslikum rakendamine koolis.<\/p>\n","protected":false},"author":1,"featured_media":0,"parent":767,"menu_order":0,"comment_status":"closed","ping_status":"closed","template":"elementor_header_footer","meta":{"_acf_changed":false,"iawp_total_views":45,"footnotes":""},"class_list":["post-2188","page","type-page","status-publish","hentry"],"acf":[],"_links":{"self":[{"href":"https:\/\/polvakool.ee\/test\/wp-json\/wp\/v2\/pages\/2188","targetHints":{"allow":["GET"]}}],"collection":[{"href":"https:\/\/polvakool.ee\/test\/wp-json\/wp\/v2\/pages"}],"about":[{"href":"https:\/\/polvakool.ee\/test\/wp-json\/wp\/v2\/types\/page"}],"author":[{"embeddable":true,"href":"https:\/\/polvakool.ee\/test\/wp-json\/wp\/v2\/users\/1"}],"replies":[{"embeddable":true,"href":"https:\/\/polvakool.ee\/test\/wp-json\/wp\/v2\/comments?post=2188"}],"version-history":[{"count":20,"href":"https:\/\/polvakool.ee\/test\/wp-json\/wp\/v2\/pages\/2188\/revisions"}],"predecessor-version":[{"id":3738,"href":"https:\/\/polvakool.ee\/test\/wp-json\/wp\/v2\/pages\/2188\/revisions\/3738"}],"up":[{"embeddable":true,"href":"https:\/\/polvakool.ee\/test\/wp-json\/wp\/v2\/pages\/767"}],"wp:attachment":[{"href":"https:\/\/polvakool.ee\/test\/wp-json\/wp\/v2\/media?parent=2188"}],"curies":[{"name":"wp","href":"https:\/\/api.w.org\/{rel}","templated":true}]}}