{"id":2194,"date":"2025-01-30T15:55:42","date_gmt":"2025-01-30T13:55:42","guid":{"rendered":"https:\/\/vana.polvakool.ee\/?page_id=2194"},"modified":"2025-04-29T10:35:28","modified_gmt":"2025-04-29T08:35:28","slug":"vastse-kuuste-maja","status":"publish","type":"page","link":"https:\/\/polvakool.ee\/test\/vastse-kuuste-maja\/","title":{"rendered":"Vastse-Kuuste maja"},"content":{"rendered":"\t\t<div data-elementor-type=\"wp-page\" data-elementor-id=\"2194\" class=\"elementor elementor-2194\" data-elementor-post-type=\"page\">\n\t\t\t\t<div class=\"elementor-element elementor-element-e2f8bf8 e-flex e-con-boxed e-con e-parent\" data-id=\"e2f8bf8\" data-element_type=\"container\" data-e-type=\"container\" data-settings=\"{&quot;background_background&quot;:&quot;classic&quot;}\">\n\t\t\t\t\t<div class=\"e-con-inner\">\n\t\t<div class=\"elementor-element elementor-element-25715ec1 e-con-full e-flex e-con e-child\" data-id=\"25715ec1\" data-element_type=\"container\" data-e-type=\"container\" data-settings=\"{&quot;background_background&quot;:&quot;classic&quot;}\">\n\t\t\t\t<div class=\"elementor-element elementor-element-5ff4de0c elementor-widget elementor-widget-heading\" data-id=\"5ff4de0c\" data-element_type=\"widget\" data-e-type=\"widget\" data-widget_type=\"heading.default\">\n\t\t\t\t<div class=\"elementor-widget-container\">\n\t\t\t\t\t<h2 class=\"elementor-heading-title elementor-size-default\">Info t\u00e4iendamisel <\/h2>\t\t\t\t<\/div>\n\t\t\t\t<\/div>\n\t\t\t\t<\/div>\n\t\t\t\t<div class=\"elementor-element elementor-element-19b6b06 elementor-widget elementor-widget-text-editor\" data-id=\"19b6b06\" data-element_type=\"widget\" data-e-type=\"widget\" data-widget_type=\"text-editor.default\">\n\t\t\t\t<div class=\"elementor-widget-container\">\n\t\t\t\t\t\t\t\t\t<p>See alamleht on hetkel t\u00e4iendamisel. Tulge peagi tagasi, et n\u00e4ha v\u00e4rskeimat infot!<\/p>\t\t\t\t\t\t\t\t<\/div>\n\t\t\t\t<\/div>\n\t\t<div class=\"elementor-element elementor-element-142706b4 e-con-full e-flex e-con e-child\" data-id=\"142706b4\" data-element_type=\"container\" data-e-type=\"container\">\n\t\t\t\t<\/div>\n\t\t\t\t\t<\/div>\n\t\t\t\t<\/div>\n\t\t\t\t<\/div>\n\t\t","protected":false},"excerpt":{"rendered":"<p>Info t\u00e4iendamisel See alamleht on hetkel t\u00e4iendamisel. Tulge peagi tagasi, et n\u00e4ha v\u00e4rskeimat infot!<\/p>\n","protected":false},"author":1,"featured_media":0,"parent":0,"menu_order":0,"comment_status":"closed","ping_status":"closed","template":"elementor_header_footer","meta":{"_acf_changed":false,"iawp_total_views":1976,"footnotes":""},"class_list":["post-2194","page","type-page","status-publish","hentry"],"acf":[],"_links":{"self":[{"href":"https:\/\/polvakool.ee\/test\/wp-json\/wp\/v2\/pages\/2194","targetHints":{"allow":["GET"]}}],"collection":[{"href":"https:\/\/polvakool.ee\/test\/wp-json\/wp\/v2\/pages"}],"about":[{"href":"https:\/\/polvakool.ee\/test\/wp-json\/wp\/v2\/types\/page"}],"author":[{"embeddable":true,"href":"https:\/\/polvakool.ee\/test\/wp-json\/wp\/v2\/users\/1"}],"replies":[{"embeddable":true,"href":"https:\/\/polvakool.ee\/test\/wp-json\/wp\/v2\/comments?post=2194"}],"version-history":[{"count":6,"href":"https:\/\/polvakool.ee\/test\/wp-json\/wp\/v2\/pages\/2194\/revisions"}],"predecessor-version":[{"id":3297,"href":"https:\/\/polvakool.ee\/test\/wp-json\/wp\/v2\/pages\/2194\/revisions\/3297"}],"wp:attachment":[{"href":"https:\/\/polvakool.ee\/test\/wp-json\/wp\/v2\/media?parent=2194"}],"curies":[{"name":"wp","href":"https:\/\/api.w.org\/{rel}","templated":true}]}}