{"id":2368,"date":"2025-02-01T16:25:46","date_gmt":"2025-02-01T14:25:46","guid":{"rendered":"https:\/\/polvakool.ee\/test\/?page_id=2368"},"modified":"2025-02-01T16:26:29","modified_gmt":"2025-02-01T14:26:29","slug":"protect-ecosystem-and-life","status":"publish","type":"page","link":"https:\/\/polvakool.ee\/test\/erasmus\/protect-ecosystem-and-life\/","title":{"rendered":"Protect Ecosystem and Life"},"content":{"rendered":"\t\t<div data-elementor-type=\"wp-page\" data-elementor-id=\"2368\" class=\"elementor elementor-2368\" data-elementor-post-type=\"page\">\n\t\t\t\t<div class=\"elementor-element elementor-element-65ae7356 e-flex e-con-boxed e-con e-parent\" data-id=\"65ae7356\" data-element_type=\"container\" data-e-type=\"container\" data-settings=\"{&quot;background_background&quot;:&quot;classic&quot;}\">\n\t\t\t\t\t<div class=\"e-con-inner\">\n\t\t<div class=\"elementor-element elementor-element-564b1577 e-con-full e-flex e-con e-child\" data-id=\"564b1577\" data-element_type=\"container\" data-e-type=\"container\" data-settings=\"{&quot;background_background&quot;:&quot;classic&quot;}\">\n\t\t\t\t<\/div>\n\t\t<div class=\"elementor-element elementor-element-3acd31bf e-con-full e-flex e-con e-child\" data-id=\"3acd31bf\" data-element_type=\"container\" data-e-type=\"container\">\n\t\t\t\t<div class=\"elementor-element elementor-element-b71e481 elementor-widget elementor-widget-heading\" data-id=\"b71e481\" data-element_type=\"widget\" data-e-type=\"widget\" data-widget_type=\"heading.default\">\n\t\t\t\t<div class=\"elementor-widget-container\">\n\t\t\t\t\t<h2 class=\"elementor-heading-title elementor-size-default\">Projekt \u201cProtect Ecosystem and Life\u201d<\/h2>\t\t\t\t<\/div>\n\t\t\t\t<\/div>\n\t\t\t\t<div class=\"elementor-element elementor-element-2eb8d4a elementor-widget elementor-widget-text-editor\" data-id=\"2eb8d4a\" data-element_type=\"widget\" data-e-type=\"widget\" data-widget_type=\"text-editor.default\">\n\t\t\t\t<div class=\"elementor-widget-container\">\n\t\t\t\t\t\t\t\t\t<p>Projekti nr 2020-1-CZ01-KA229-078155_5 (lepingu nr 2020-KA229-29)<\/p><p><br><\/p>\n<p>P\u00f5lva Kool osaleb aastatel 2020-2022 rahvusvahelises Erasmus+ projektis, mis keskendub keskkonnaprobleemidele. Projekt kannab nime \u201cProtect Ecosystem and Life\u201d ning on suunatud 4.-7. klassi \u00f5pilastele.<\/p><p><br><\/p>\n<p>Projekti partnerid: T\u0161ehhi (Zakladni skola Zamberk, 28.rijna 581, koordinaator), T\u00fcrgi (Ege Universitesi Guclendirme Vakfi Okullari Ozel Narlidere Ilkokulu-Ortaokulu), Portugal (Agrupamento de escolas de Alvide), Rumeenia (Scoala Gimnaziala Coresi), Kreeka (2nd Gymnasium of Nafpaktos), Eesti (P\u00f5lva Kool).<\/p><p><br><\/p>\n<p>Keskkonnaprobleemid on teema, millele on aasta-aastalt \u00fcha enam t\u00e4helepanu p\u00f6\u00f6rama hakatud ning seda ka v\u00e4ga arusaadavatel p\u00f5hjustel \u2013 k\u00fcmnendeid on inimkond meie planeediga ringi k\u00e4inud hoolimatult ning mitte j\u00e4tkusuutlikult ning on j\u00e4tkuvalt inimesi, kes ei pea igap\u00e4evaselt tekitatavat pr\u00fcgi, kliima soojenemist ja veekogude reostumist t\u00f5siseltv\u00f5etavateks probleemideks.<\/p><p><br><\/p>\n<p>Projekti \u00fcheks eesm\u00e4rgiks ongi \u00f5pilaste teadlikkuse t\u00f5stmine keskkonnaprobleemide osas. Projektitegevused algavad 2020. aasta s\u00fcgisel ning kestavad kaks \u00f5ppeaastat.<\/p>\t\t\t\t\t\t\t\t<\/div>\n\t\t\t\t<\/div>\n\t\t\t\t<\/div>\n\t\t\t\t\t<\/div>\n\t\t\t\t<\/div>\n\t\t\t\t<\/div>\n\t\t","protected":false},"excerpt":{"rendered":"<p>Projekt \u201cProtect Ecosystem and Life\u201d Projekti nr 2020-1-CZ01-KA229-078155_5 (lepingu nr 2020-KA229-29) P\u00f5lva Kool osaleb aastatel 2020-2022 rahvusvahelises Erasmus+ projektis, mis keskendub keskkonnaprobleemidele. Projekt kannab nime \u201cProtect Ecosystem and Life\u201d ning on suunatud 4.-7. klassi \u00f5pilastele. Projekti partnerid: T\u0161ehhi (Zakladni skola Zamberk, 28.rijna 581, koordinaator), T\u00fcrgi (Ege Universitesi Guclendirme Vakfi Okullari Ozel Narlidere Ilkokulu-Ortaokulu), Portugal (Agrupamento [&hellip;]<\/p>\n","protected":false},"author":1,"featured_media":0,"parent":767,"menu_order":0,"comment_status":"closed","ping_status":"closed","template":"elementor_header_footer","meta":{"_acf_changed":false,"iawp_total_views":10,"footnotes":""},"class_list":["post-2368","page","type-page","status-publish","hentry"],"acf":[],"_links":{"self":[{"href":"https:\/\/polvakool.ee\/test\/wp-json\/wp\/v2\/pages\/2368","targetHints":{"allow":["GET"]}}],"collection":[{"href":"https:\/\/polvakool.ee\/test\/wp-json\/wp\/v2\/pages"}],"about":[{"href":"https:\/\/polvakool.ee\/test\/wp-json\/wp\/v2\/types\/page"}],"author":[{"embeddable":true,"href":"https:\/\/polvakool.ee\/test\/wp-json\/wp\/v2\/users\/1"}],"replies":[{"embeddable":true,"href":"https:\/\/polvakool.ee\/test\/wp-json\/wp\/v2\/comments?post=2368"}],"version-history":[{"count":4,"href":"https:\/\/polvakool.ee\/test\/wp-json\/wp\/v2\/pages\/2368\/revisions"}],"predecessor-version":[{"id":2372,"href":"https:\/\/polvakool.ee\/test\/wp-json\/wp\/v2\/pages\/2368\/revisions\/2372"}],"up":[{"embeddable":true,"href":"https:\/\/polvakool.ee\/test\/wp-json\/wp\/v2\/pages\/767"}],"wp:attachment":[{"href":"https:\/\/polvakool.ee\/test\/wp-json\/wp\/v2\/media?parent=2368"}],"curies":[{"name":"wp","href":"https:\/\/api.w.org\/{rel}","templated":true}]}}