{"id":618,"date":"2024-10-26T07:43:20","date_gmt":"2024-10-26T07:43:20","guid":{"rendered":"https:\/\/vana.polvakool.ee\/?page_id=618"},"modified":"2025-11-28T12:36:01","modified_gmt":"2025-11-28T10:36:01","slug":"toitlustus","status":"publish","type":"page","link":"https:\/\/polvakool.ee\/test\/toitlustus\/","title":{"rendered":"Toitlustus"},"content":{"rendered":"\t\t<div data-elementor-type=\"wp-page\" data-elementor-id=\"618\" class=\"elementor elementor-618\" data-elementor-post-type=\"page\">\n\t\t\t\t<div class=\"elementor-element elementor-element-0f11933 e-con-full e-flex e-con e-parent\" data-id=\"0f11933\" data-element_type=\"container\" data-e-type=\"container\" data-settings=\"{&quot;background_background&quot;:&quot;classic&quot;}\">\n\t\t<div class=\"elementor-element elementor-element-a697373 e-con-full e-flex e-con e-child\" data-id=\"a697373\" data-element_type=\"container\" data-e-type=\"container\" data-settings=\"{&quot;background_background&quot;:&quot;classic&quot;}\">\n\t\t\t\t<div class=\"elementor-element elementor-element-1fa882e elementor-widget elementor-widget-heading\" data-id=\"1fa882e\" data-element_type=\"widget\" data-e-type=\"widget\" data-widget_type=\"heading.default\">\n\t\t\t\t<div class=\"elementor-widget-container\">\n\t\t\t\t\t<h2 class=\"elementor-heading-title elementor-size-default\">Toitlustus<\/h2>\t\t\t\t<\/div>\n\t\t\t\t<\/div>\n\t\t\t\t<\/div>\n\t\t<div class=\"elementor-element elementor-element-43a78fa e-con-full e-flex e-con e-child\" data-id=\"43a78fa\" data-element_type=\"container\" data-e-type=\"container\" id=\"men\u00fc\u00fc\" data-settings=\"{&quot;background_background&quot;:&quot;classic&quot;}\">\n\t\t<div class=\"elementor-element elementor-element-b3efce5 e-con-full e-flex e-con e-child\" data-id=\"b3efce5\" data-element_type=\"container\" data-e-type=\"container\">\n\t\t\t\t<\/div>\n\t\t\t\t<div class=\"elementor-element elementor-element-290ce53 elementor-widget elementor-widget-text-editor\" data-id=\"290ce53\" data-element_type=\"widget\" data-e-type=\"widget\" data-widget_type=\"text-editor.default\">\n\t\t\t\t<div class=\"elementor-widget-container\">\n\t\t\t\t\t\t\t\t\t<header><\/header><div><h4><b>Koolil\u00f5una\/koolieine men\u00fc\u00fc<\/b><\/h4><h5><strong>Keskmaja, \u00c4hnioru maja, Vastse-Kuuste maja, Ahja maja, Tilsi maja:<\/strong><\/h5><p><a href=\"https:\/\/docs.google.com\/spreadsheets\/d\/e\/2PACX-1vSQXOJOtQLxwxCx3J8Q_7Nd347RJTOi-PhCK_47Kl4fgSkVBXt_d_kj8NgUVaexc-lF64FmxoUw_wXY\/pubhtml?gid=691051132&amp;single=true\">1.-5.dets men\u00fc\u00fc\u00a0<\/a><\/p><p><a href=\"https:\/\/docs.google.com\/spreadsheets\/d\/e\/2PACX-1vSQXOJOtQLxwxCx3J8Q_7Nd347RJTOi-PhCK_47Kl4fgSkVBXt_d_kj8NgUVaexc-lF64FmxoUw_wXY\/pubhtml?gid=215543068&amp;single=true\">8.-12.dets men\u00fc\u00fc<\/a><\/p><p><a href=\"https:\/\/docs.google.com\/spreadsheets\/d\/e\/2PACX-1vSQXOJOtQLxwxCx3J8Q_7Nd347RJTOi-PhCK_47Kl4fgSkVBXt_d_kj8NgUVaexc-lF64FmxoUw_wXY\/pubhtml?gid=1515215958&amp;single=true\" data-wplink-edit=\"true\">15.-19.dets men\u00fc\u00fc<\/a><\/p><h5><a href=\"https:\/\/docs.google.com\/spreadsheets\/d\/e\/2PACX-1vSSsF44FMOc8Pw-Fey33YQqEr4A70DPO9taVNM-1dUUIj3qh9xGINzBxDoOtE3CWrlSTaosF_VaYOy7\/pubhtml?gid=3225398&amp;single=true\">Mammaste maja men\u00fc\u00fc<\/a><\/h5><h5><a href=\"https:\/\/docs.google.com\/spreadsheets\/d\/e\/2PACX-1vTFNXL0OYEd3N0hqGaCu0R9RfnYsIfqpp3tDyd7p6YcNlVyi8bW0H3njCZujTVpUo5haz1EJmG6ztQ1\/pubhtml?gid=2043246563&amp;single=true\">Mooste m\u00f5isamaja men\u00fc\u00fc<\/a><\/h5><\/div>\t\t\t\t\t\t\t\t<\/div>\n\t\t\t\t<\/div>\n\t\t\t\t<\/div>\n\t\t<div class=\"elementor-element elementor-element-e216a01 e-con-full e-flex e-con e-child\" data-id=\"e216a01\" data-element_type=\"container\" data-e-type=\"container\">\n\t\t<div class=\"elementor-element elementor-element-c2e1a73 e-con-full e-flex e-con e-child\" data-id=\"c2e1a73\" data-element_type=\"container\" data-e-type=\"container\">\n\t\t\t\t<div class=\"elementor-element elementor-element-8fdb8b2 elementor-widget elementor-widget-google_maps\" data-id=\"8fdb8b2\" data-element_type=\"widget\" data-e-type=\"widget\" data-widget_type=\"google_maps.default\">\n\t\t\t\t<div class=\"elementor-widget-container\">\n\t\t\t\t\t\t\t<div class=\"elementor-custom-embed\">\n\t\t\t<iframe loading=\"lazy\"\n\t\t\t\t\tsrc=\"https:\/\/maps.google.com\/maps?q=kesk%2025%20p%C3%B5lva&#038;t=m&#038;z=10&#038;output=embed&#038;iwloc=near\"\n\t\t\t\t\ttitle=\"kesk 25 p\u00f5lva\"\n\t\t\t\t\taria-label=\"kesk 25 p\u00f5lva\"\n\t\t\t><\/iframe>\n\t\t<\/div>\n\t\t\t\t\t\t<\/div>\n\t\t\t\t<\/div>\n\t\t\t\t<div class=\"elementor-element elementor-element-9461ff5 elementor-widget elementor-widget-text-editor\" data-id=\"9461ff5\" data-element_type=\"widget\" data-e-type=\"widget\" data-widget_type=\"text-editor.default\">\n\t\t\t\t<div class=\"elementor-widget-container\">\n\t\t\t\t\t\t\t\t\t<p>Asukoht: Kesk 25, P\u00f5lva<\/p><p>Juhataja\/peakokk &#8211; Kaili Ostra<\/p><p>Telefon: 799 9216<\/p><p>E-post &#8211; kaili.ostra@polvakool.ee<\/p>\t\t\t\t\t\t\t\t<\/div>\n\t\t\t\t<\/div>\n\t\t\t\t<\/div>\n\t\t<div class=\"elementor-element elementor-element-0600af3 e-con-full e-flex e-con e-child\" data-id=\"0600af3\" data-element_type=\"container\" data-e-type=\"container\">\n\t\t\t\t<div class=\"elementor-element elementor-element-3228660 elementor-widget elementor-widget-google_maps\" data-id=\"3228660\" data-element_type=\"widget\" data-e-type=\"widget\" data-widget_type=\"google_maps.default\">\n\t\t\t\t<div class=\"elementor-widget-container\">\n\t\t\t\t\t\t\t<div class=\"elementor-custom-embed\">\n\t\t\t<iframe loading=\"lazy\"\n\t\t\t\t\tsrc=\"https:\/\/maps.google.com\/maps?q=koolimaja%20tee%201%2C%20p%C3%B5lva&#038;t=m&#038;z=10&#038;output=embed&#038;iwloc=near\"\n\t\t\t\t\ttitle=\"koolimaja tee 1, p\u00f5lva\"\n\t\t\t\t\taria-label=\"koolimaja tee 1, p\u00f5lva\"\n\t\t\t><\/iframe>\n\t\t<\/div>\n\t\t\t\t\t\t<\/div>\n\t\t\t\t<\/div>\n\t\t\t\t<div class=\"elementor-element elementor-element-6edc674 elementor-widget elementor-widget-text-editor\" data-id=\"6edc674\" data-element_type=\"widget\" data-e-type=\"widget\" data-widget_type=\"text-editor.default\">\n\t\t\t\t<div class=\"elementor-widget-container\">\n\t\t\t\t\t\t\t\t\t<p>Asukoht: Koolimaja tee 1, Mammaste<\/p><p>Toitlustab\u00a0 P\u00f5hjakaare Lasteaed<\/p><p>Aliki Lehtmets<\/p><p>E-post &#8211;\u00a0 aliki.lehemets@pohjakaare.ee<\/p>\t\t\t\t\t\t\t\t<\/div>\n\t\t\t\t<\/div>\n\t\t\t\t<\/div>\n\t\t\t\t<\/div>\n\t\t<div class=\"elementor-element elementor-element-446cd3e e-con-full e-flex e-con e-child\" data-id=\"446cd3e\" data-element_type=\"container\" data-e-type=\"container\">\n\t\t\t\t<\/div>\n\t\t\t\t<\/div>\n\t\t\t\t<\/div>\n\t\t","protected":false},"excerpt":{"rendered":"<p>Toitlustus Koolil\u00f5una\/koolieine men\u00fc\u00fc Keskmaja, \u00c4hnioru maja, Vastse-Kuuste maja, Ahja maja, Tilsi maja: 1.-5.dets men\u00fc\u00fc\u00a0 8.-12.dets men\u00fc\u00fc 15.-19.dets men\u00fc\u00fc Mammaste maja men\u00fc\u00fc Mooste m\u00f5isamaja men\u00fc\u00fc Asukoht: Kesk 25, P\u00f5lva Juhataja\/peakokk &#8211; Kaili Ostra Telefon: 799 9216 E-post &#8211; kaili.ostra@polvakool.ee Asukoht: Koolimaja tee 1, Mammaste Toitlustab\u00a0 P\u00f5hjakaare Lasteaed Aliki Lehtmets E-post &#8211;\u00a0 aliki.lehemets@pohjakaare.ee<\/p>\n","protected":false},"author":1,"featured_media":0,"parent":0,"menu_order":0,"comment_status":"closed","ping_status":"closed","template":"elementor_header_footer","meta":{"_acf_changed":false,"iawp_total_views":16178,"footnotes":""},"class_list":["post-618","page","type-page","status-publish","hentry"],"acf":[],"_links":{"self":[{"href":"https:\/\/polvakool.ee\/test\/wp-json\/wp\/v2\/pages\/618","targetHints":{"allow":["GET"]}}],"collection":[{"href":"https:\/\/polvakool.ee\/test\/wp-json\/wp\/v2\/pages"}],"about":[{"href":"https:\/\/polvakool.ee\/test\/wp-json\/wp\/v2\/types\/page"}],"author":[{"embeddable":true,"href":"https:\/\/polvakool.ee\/test\/wp-json\/wp\/v2\/users\/1"}],"replies":[{"embeddable":true,"href":"https:\/\/polvakool.ee\/test\/wp-json\/wp\/v2\/comments?post=618"}],"version-history":[{"count":193,"href":"https:\/\/polvakool.ee\/test\/wp-json\/wp\/v2\/pages\/618\/revisions"}],"predecessor-version":[{"id":4585,"href":"https:\/\/polvakool.ee\/test\/wp-json\/wp\/v2\/pages\/618\/revisions\/4585"}],"wp:attachment":[{"href":"https:\/\/polvakool.ee\/test\/wp-json\/wp\/v2\/media?parent=618"}],"curies":[{"name":"wp","href":"https:\/\/api.w.org\/{rel}","templated":true}]}}