{"id":622,"date":"2024-10-26T07:48:18","date_gmt":"2024-10-26T07:48:18","guid":{"rendered":"https:\/\/vana.polvakool.ee\/?page_id=622"},"modified":"2025-10-16T09:54:54","modified_gmt":"2025-10-16T07:54:54","slug":"dokumendid","status":"publish","type":"page","link":"https:\/\/polvakool.ee\/test\/dokumendid\/","title":{"rendered":"Dokumendid"},"content":{"rendered":"\t\t<div data-elementor-type=\"wp-page\" data-elementor-id=\"622\" class=\"elementor elementor-622\" data-elementor-post-type=\"page\">\n\t\t\t\t<div class=\"elementor-element elementor-element-af945e9 e-flex e-con-boxed e-con e-parent\" data-id=\"af945e9\" data-element_type=\"container\" data-e-type=\"container\" data-settings=\"{&quot;background_background&quot;:&quot;classic&quot;}\">\n\t\t\t\t\t<div class=\"e-con-inner\">\n\t\t<div class=\"elementor-element elementor-element-76c2b4d e-con-full e-flex e-con e-child\" data-id=\"76c2b4d\" data-element_type=\"container\" data-e-type=\"container\" data-settings=\"{&quot;background_background&quot;:&quot;classic&quot;}\">\n\t\t\t\t<div class=\"elementor-element elementor-element-32dee71 elementor-widget elementor-widget-heading\" data-id=\"32dee71\" data-element_type=\"widget\" data-e-type=\"widget\" data-widget_type=\"heading.default\">\n\t\t\t\t<div class=\"elementor-widget-container\">\n\t\t\t\t\t<h2 class=\"elementor-heading-title elementor-size-default\">Dokumendid<\/h2>\t\t\t\t<\/div>\n\t\t\t\t<\/div>\n\t\t\t\t<\/div>\n\t\t\t\t\t<\/div>\n\t\t\t\t<\/div>\n\t\t<div class=\"elementor-element elementor-element-e027523 e-flex e-con-boxed e-con e-parent\" data-id=\"e027523\" data-element_type=\"container\" data-e-type=\"container\" data-settings=\"{&quot;background_background&quot;:&quot;classic&quot;}\">\n\t\t\t\t\t<div class=\"e-con-inner\">\n\t\t<div class=\"elementor-element elementor-element-d5c7940 e-con-full e-flex e-con e-child\" data-id=\"d5c7940\" data-element_type=\"container\" data-e-type=\"container\" data-settings=\"{&quot;background_background&quot;:&quot;classic&quot;}\">\n\t\t\t\t<div class=\"elementor-element elementor-element-698e19d elementor-widget elementor-widget-text-editor\" data-id=\"698e19d\" data-element_type=\"widget\" data-e-type=\"widget\" data-widget_type=\"text-editor.default\">\n\t\t\t\t<div class=\"elementor-widget-container\">\n\t\t\t\t\t\t\t\t\t<h3>Riiklikud strateegilised dokumendid<\/h3><ul><li><a href=\"https:\/\/www.riigiteataja.ee\/akt\/13332410?leiaKehtiv\" target=\"_blank\" rel=\"noopener noreferrer\">P\u00f5hikooli- ja g\u00fcmnaasiumiseadus<\/a><\/li><li><a href=\"https:\/\/www.riigiteataja.ee\/akt\/129082014020?leiaKehtiv\" target=\"_blank\" rel=\"noopener noreferrer\">P\u00f5hikooli riiklik \u00f5ppekava<\/a><\/li><li><a href=\"https:\/\/www.riigiteataja.ee\/akt\/128122010014?leiaKehtiv\" target=\"_blank\" rel=\"noopener noreferrer\" data-wplink-edit=\"true\">P\u00f5hikooli lihtsustatud riiklik \u00f5ppekava<\/a><\/li><\/ul>\t\t\t\t\t\t\t\t<\/div>\n\t\t\t\t<\/div>\n\t\t\t\t<\/div>\n\t\t<div class=\"elementor-element elementor-element-cfe2eb0 e-con-full e-flex e-con e-child\" data-id=\"cfe2eb0\" data-element_type=\"container\" data-e-type=\"container\" data-settings=\"{&quot;background_background&quot;:&quot;classic&quot;}\">\n\t\t\t\t<div class=\"elementor-element elementor-element-e7326ee elementor-widget elementor-widget-text-editor\" data-id=\"e7326ee\" data-element_type=\"widget\" data-e-type=\"widget\" data-widget_type=\"text-editor.default\">\n\t\t\t\t<div class=\"elementor-widget-container\">\n\t\t\t\t\t\t\t\t\t<h3>P\u00f5lva Kooli juhendid<\/h3><ul><li><a href=\"https:\/\/drive.google.com\/file\/d\/1LkHTS_ogxkbOBkdg6rThgOiTfpEW6UtR\/view?usp=drive_link\">P\u00f5lva Kooli loovt\u00f6\u00f6 juhend<\/a><ul><li><a href=\"https:\/\/drive.google.com\/file\/d\/18WLk-43iFYDB14-rtq2BmVbrMELiiNu0\/view?usp=drive_link\">Loovt\u00f6\u00f6de ajaline korraldus<\/a><\/li><li><a href=\"https:\/\/drive.google.com\/file\/d\/1XMJqasHbFcR5ZgEjK2Aafg5H-szTtuNW\/view?usp=drive_link\">Vorm 1<\/a>\u00a0Loovt\u00f6\u00f6 teemavaliku kinnitusleht<\/li><\/ul><\/li><\/ul>\t\t\t\t\t\t\t\t<\/div>\n\t\t\t\t<\/div>\n\t\t\t\t<\/div>\n\t\t<div class=\"elementor-element elementor-element-9e2dbb5 e-con-full e-flex e-con e-child\" data-id=\"9e2dbb5\" data-element_type=\"container\" data-e-type=\"container\" data-settings=\"{&quot;background_background&quot;:&quot;classic&quot;}\">\n\t\t\t\t<div class=\"elementor-element elementor-element-46e511c elementor-widget elementor-widget-text-editor\" data-id=\"46e511c\" data-element_type=\"widget\" data-e-type=\"widget\" data-widget_type=\"text-editor.default\">\n\t\t\t\t<div class=\"elementor-widget-container\">\n\t\t\t\t\t\t\t\t\t<h3>P\u00f5lva Kooli dokumendid\u00a0<\/h3><ul><li><a href=\"https:\/\/www.riigiteataja.ee\/akt\/417052016007?leiaKehtiv\">P\u00f5lva Kooli p\u00f5him\u00e4\u00e4rus<\/a><\/li><li><a href=\"https:\/\/polvakool.ee\/test\/wp-content\/uploads\/PK_arengukava_2021_25.pdf\">P\u00f5lva Kooli arengukava 2021-2025<\/a><\/li><li><a href=\"https:\/\/polvakool.ee\/test\/wp-content\/uploads\/2025\/08\/Polva-Kooli-kodukord.pdf\">P\u00f5lva Kooli kodukord<\/a><\/li><li>P\u00f5lva Kooli \u00f5ppekava \u00fcldosa <em>(t\u00e4iendamisel)<\/em><\/li><li>P\u00f5lva Kooli ainekavad <em>(t\u00e4iendamisel)<\/em><\/li><li><a href=\"https:\/\/polvakool.ee\/test\/wp-content\/uploads\/2025\/02\/Paevakava-2024_25.pdf\">P\u00f5lva Kooli p\u00e4evakava 2024\/25<\/a><\/li><li><a href=\"https:\/\/polvakool.ee\/test\/wp-content\/uploads\/nr9_lisa2_paevakava_distantsoppe_ajaks.pdf\">P\u00f5lva Kooli p\u00e4evakava distants\u00f5ppe ajaks<\/a><\/li><li><a href=\"https:\/\/polvakool.ee\/test\/wp-content\/uploads\/2025\/02\/uldtooplaan2024_25.pdf\">P\u00f5lva Kooli \u00fcldt\u00f6\u00f6plaan 2024\/25<\/a><\/li><li><a href=\"https:\/\/polvakool.ee\/test\/wp-content\/uploads\/2025\/09\/Polva-Kool_Hindamisjuhend_2025_26.pdf\">P\u00f5lva Kooli hindamise korraldus<\/a><\/li><li>P\u00f5lva Kooli pikap\u00e4evar\u00fchma t\u00f6\u00f6korraldus <em>t\u00e4iendamisel<\/em><\/li><li><a href=\"https:\/\/polvakool.ee\/test\/wp-content\/uploads\/Sisehindamise-kord.pdf\">P\u00f5lva Kooli sisehindamise kord<\/a><\/li><li><a href=\"https:\/\/polvakool.ee\/test\/wp-content\/uploads\/Arenguvestluste_lvkord.pdf\">P\u00f5lva Kooli arenguvestluste l\u00e4biviimise kord<\/a><\/li><li><a href=\"https:\/\/polvakool.ee\/test\/wp-content\/uploads\/Palgakorralduse_p%C3%B5him%C3%B5tted.pdf\">P\u00f5lva Kooli palgakorralduse p\u00f5him\u00f5tted<\/a><\/li><li><a href=\"https:\/\/polvakool.ee\/test\/wp-content\/uploads\/vastuv%C3%B5tt_.pdf\">P\u00f5lva Kooli \u00f5pilase vastuv\u00f5tu tingimused ja kord<\/a><\/li><li><a href=\"https:\/\/polvakool.ee\/test\/wp-content\/uploads\/OE_pohimaarus-2023.pdf\">P\u00f5lva Kooli \u00f5pilasesinduse p\u00f5him\u00e4\u00e4rus<\/a><\/li><li><a href=\"https:\/\/polvakool.ee\/test\/wp-content\/uploads\/opilaspiletikasutamisekord.pdf\">\u00d5pilaspileti kasutamise kord P\u00f5lva Koolis<\/a><\/li><li><a href=\"https:\/\/polvakool.ee\/test\/wp-content\/uploads\/2025\/09\/Lisa_Polva-Kooli-tookorralduse-reeglid-alates-01.09.2025.pdf\">P\u00f5lva Kooli t\u00f6\u00f6korralduse reeglid<\/a><\/li><\/ul>\t\t\t\t\t\t\t\t<\/div>\n\t\t\t\t<\/div>\n\t\t\t\t<\/div>\n\t\t<div class=\"elementor-element elementor-element-c92b013 e-con-full e-flex e-con e-child\" data-id=\"c92b013\" data-element_type=\"container\" data-e-type=\"container\" data-settings=\"{&quot;background_background&quot;:&quot;classic&quot;}\">\n\t\t\t\t<div class=\"elementor-element elementor-element-0ecbad7 elementor-widget elementor-widget-text-editor\" data-id=\"0ecbad7\" data-element_type=\"widget\" data-e-type=\"widget\" data-widget_type=\"text-editor.default\">\n\t\t\t\t<div class=\"elementor-widget-container\">\n\t\t\t\t\t\t\t\t\t<h3>Blanketid<\/h3><ul><li>Taotlus 1. klassi astumiseks \u2013 \u00a0<a href=\"https:\/\/polvakool.ee\/test\/wp-content\/uploads\/2025\/05\/Taotlus_1klass.pdf\">pdf<\/a>,\u00a0<a href=\"https:\/\/polvakool.ee\/test\/wp-content\/uploads\/2025\/04\/Taotlus_1klass.docx\">docx<\/a><\/li><li>Taotlus 2.-9. klassi astumiseks \u2013 \u00a0<a href=\"https:\/\/polvakool.ee\/test\/wp-content\/uploads\/Taotlus_2_9klass.pdf\">pdf<\/a>,\u00a0<a href=\"https:\/\/polvakool.ee\/test\/wp-content\/uploads\/Taotlus_2_9klass.docx\">docx<\/a><\/li><li>\u00d5pilase koolist lahkumise avaldus \u2013\u00a0<a href=\"https:\/\/polvakool.ee\/test\/wp-content\/uploads\/avaldus_opilase_nimekirjast_kustutamiseks.pdf\">pdf<\/a>,\u00a0<a href=\"https:\/\/polvakool.ee\/test\/wp-content\/uploads\/avaldus_opilase_nimekirjast_kustutamiseks.docx\">docx<\/a><\/li><li>\u00d5pilaspileti duplikaadi avaldus \u2013\u00a0<a href=\"https:\/\/polvakool.ee\/test\/wp-content\/uploads\/%C3%95pilaspileti_avaldus.pdf\">pdf,\u00a0<\/a><a href=\"https:\/\/polvakool.ee\/test\/wp-content\/uploads\/%C3%95pilaspileti_avaldus.docx\">doc<\/a><\/li><li>Pikap\u00e4evar\u00fchma avaldus \u2013 <a href=\"https:\/\/polvakool.ee\/test\/wp-content\/uploads\/2025\/09\/pikapaevaryhm.pdf\">pdf<\/a>, <a href=\"https:\/\/polvakool.ee\/test\/wp-content\/uploads\/2025\/09\/pikapaevaryhm.docx\">doc<\/a><\/li><li>Avaldus kooliv\u00e4lise n\u00f5ustamismeeskonna soovituse rakendamiseks \u2013\u00a0<a href=\"https:\/\/polvakool.ee\/test\/wp-content\/uploads\/Avaldus-koolivaline-noustamine.pdf\">pdf,\u00a0<\/a><a href=\"https:\/\/polvakool.ee\/test\/avaldus-koolivalise-noustamismeeskonna-soovituse-rakendamiseks-2\/\">doc<\/a><\/li><li>Avaldus \u00f5pilase iseloomustuse koostamiseks ja v\u00e4ljastamiseks \u2013\u00a0<a href=\"https:\/\/polvakool.ee\/test\/wp-content\/uploads\/Avaldus_iseloomustus.pdf\">pdf,\u00a0<\/a><a href=\"https:\/\/polvakool.ee\/test\/wp-content\/uploads\/Avaldus-%C3%B5pilase-iseloomustuse-koostamiseks-ja-v%C3%A4ljastamiseks.docx\">doc<\/a><\/li><\/ul>\t\t\t\t\t\t\t\t<\/div>\n\t\t\t\t<\/div>\n\t\t\t\t<\/div>\n\t\t\t\t\t<\/div>\n\t\t\t\t<\/div>\n\t\t\t\t<\/div>\n\t\t","protected":false},"excerpt":{"rendered":"<p>Dokumendid Riiklikud strateegilised dokumendid P\u00f5hikooli- ja g\u00fcmnaasiumiseadus P\u00f5hikooli riiklik \u00f5ppekava P\u00f5hikooli lihtsustatud riiklik \u00f5ppekava P\u00f5lva Kooli juhendid P\u00f5lva Kooli loovt\u00f6\u00f6 juhend Loovt\u00f6\u00f6de ajaline korraldus Vorm 1\u00a0Loovt\u00f6\u00f6 teemavaliku kinnitusleht P\u00f5lva Kooli dokumendid\u00a0 P\u00f5lva Kooli p\u00f5him\u00e4\u00e4rus P\u00f5lva Kooli arengukava 2021-2025 P\u00f5lva Kooli kodukord P\u00f5lva Kooli \u00f5ppekava \u00fcldosa (t\u00e4iendamisel) P\u00f5lva Kooli ainekavad (t\u00e4iendamisel) P\u00f5lva Kooli p\u00e4evakava 2024\/25 P\u00f5lva [&hellip;]<\/p>\n","protected":false},"author":1,"featured_media":0,"parent":0,"menu_order":0,"comment_status":"closed","ping_status":"closed","template":"elementor_header_footer","meta":{"_acf_changed":false,"iawp_total_views":2292,"footnotes":""},"class_list":["post-622","page","type-page","status-publish","hentry"],"acf":[],"_links":{"self":[{"href":"https:\/\/polvakool.ee\/test\/wp-json\/wp\/v2\/pages\/622","targetHints":{"allow":["GET"]}}],"collection":[{"href":"https:\/\/polvakool.ee\/test\/wp-json\/wp\/v2\/pages"}],"about":[{"href":"https:\/\/polvakool.ee\/test\/wp-json\/wp\/v2\/types\/page"}],"author":[{"embeddable":true,"href":"https:\/\/polvakool.ee\/test\/wp-json\/wp\/v2\/users\/1"}],"replies":[{"embeddable":true,"href":"https:\/\/polvakool.ee\/test\/wp-json\/wp\/v2\/comments?post=622"}],"version-history":[{"count":106,"href":"https:\/\/polvakool.ee\/test\/wp-json\/wp\/v2\/pages\/622\/revisions"}],"predecessor-version":[{"id":4257,"href":"https:\/\/polvakool.ee\/test\/wp-json\/wp\/v2\/pages\/622\/revisions\/4257"}],"wp:attachment":[{"href":"https:\/\/polvakool.ee\/test\/wp-json\/wp\/v2\/media?parent=622"}],"curies":[{"name":"wp","href":"https:\/\/api.w.org\/{rel}","templated":true}]}}