{"id":729,"date":"2024-10-28T17:39:22","date_gmt":"2024-10-28T17:39:22","guid":{"rendered":"https:\/\/vana.polvakool.ee\/?page_id=729"},"modified":"2025-10-06T09:50:11","modified_gmt":"2025-10-06T07:50:11","slug":"tunniplaanid","status":"publish","type":"page","link":"https:\/\/polvakool.ee\/test\/tunniplaanid\/","title":{"rendered":"Tunniplaanid"},"content":{"rendered":"\t\t<div data-elementor-type=\"wp-page\" data-elementor-id=\"729\" class=\"elementor elementor-729\" data-elementor-post-type=\"page\">\n\t\t\t\t<div class=\"elementor-element elementor-element-3e1c279 e-flex e-con-boxed e-con e-parent\" data-id=\"3e1c279\" data-element_type=\"container\" data-e-type=\"container\" data-settings=\"{&quot;background_background&quot;:&quot;classic&quot;}\">\n\t\t\t\t\t<div class=\"e-con-inner\">\n\t\t<div class=\"elementor-element elementor-element-8fb2976 e-con-full e-flex e-con e-child\" data-id=\"8fb2976\" data-element_type=\"container\" data-e-type=\"container\" data-settings=\"{&quot;background_background&quot;:&quot;classic&quot;}\">\n\t\t\t\t<div class=\"elementor-element elementor-element-87e699c elementor-widget elementor-widget-heading\" data-id=\"87e699c\" data-element_type=\"widget\" data-e-type=\"widget\" data-widget_type=\"heading.default\">\n\t\t\t\t<div class=\"elementor-widget-container\">\n\t\t\t\t\t<h2 class=\"elementor-heading-title elementor-size-default\">Tunniplaan<\/h2>\t\t\t\t<\/div>\n\t\t\t\t<\/div>\n\t\t\t\t<\/div>\n\t\t\t\t<div class=\"elementor-element elementor-element-feb5506 elementor-widget elementor-widget-text-editor\" data-id=\"feb5506\" data-element_type=\"widget\" data-e-type=\"widget\" data-widget_type=\"text-editor.default\">\n\t\t\t\t<div class=\"elementor-widget-container\">\n\t\t\t\t\t\t\t\t\t<p><strong>Tunniplaanid\u00a0 2025\/26. \u00f5a<\/strong><\/p><p><strong><span style=\"color: #ff0000;\"><a style=\"color: #ff0000;\" href=\"https:\/\/polvakool.ee\/test\/wp-content\/uploads\/2025\/10\/lyhendid.png\">\u00d5ppeainete l\u00fchendid tunniplaanides<\/a><\/span><\/strong><\/p><p><b>Keskmaja ja Mammaste maja<\/b><\/p><p><a href=\"https:\/\/polvakool.ee\/test\/wp-content\/uploads\/2025\/08\/Kljuh_Keskmaja_2025_26.pdf\"><span style=\"font-weight: 400;\">Klassijuhataja tunni ruumid 01.09.2025<\/span><\/a><span style=\"font-weight: 400;\"> (Kesk 25 majas).<\/span><\/p><p><a href=\"https:\/\/polvakool.ee\/test\/tunniplaan\/klassid\/Kla1A.htm\"><span style=\"font-weight: 400;\">Klasside tunniplaan<\/span><\/a><span style=\"font-weight: 400;\"><br \/><\/span><a href=\"https:\/\/polvakool.ee\/test\/tunniplaan\/opetajad\/Kla1A.htm\"><span style=\"font-weight: 400;\">\u00d5petajate tunniplaan<\/span><\/a><span style=\"font-weight: 400;\"><br \/><\/span><a href=\"https:\/\/polvakool.ee\/test\/tunniplaan\/ruumid\/Kla1A.htm\"><span style=\"font-weight: 400;\">Ruumide plaan<\/span><\/a><\/p><p><b>Vastse-Kuuste maja<\/b><\/p><p><a href=\"https:\/\/polvakool.ee\/test\/tunniplaan\/klassidVK\/Kla1A.htm\"><span style=\"font-weight: 400;\">Klasside tunniplaanid<\/span><\/a><span style=\"font-weight: 400;\"><br \/><\/span><a href=\"https:\/\/polvakool.ee\/test\/tunniplaan\/opetajadVK\/Kla1A.htm\"><span style=\"font-weight: 400;\">\u00d5petajate tunniplaanid<\/span><\/a><\/p><p><b>Mooste m\u00f5isamaja<\/b><b><br \/><\/b><a href=\"https:\/\/polvakool.ee\/test\/tunniplaan\/klassidMooste\/Kla1A.htm\"><span style=\"font-weight: 400;\">Klasside tunniplaanid<\/span><\/a><span style=\"font-weight: 400;\"><br \/><\/span><a href=\"https:\/\/polvakool.ee\/test\/tunniplaan\/opetajadMooste\/Kla1A.htm\"><span style=\"font-weight: 400;\">\u00d5petajate tunniplaanid<\/span><\/a><\/p><p><b>Tilsi maja<\/b><b><br \/><\/b><a href=\"https:\/\/polvakool.ee\/test\/tunniplaan\/klassidTilsi\/Kla1A.htm\"><span style=\"font-weight: 400;\">Klasside tunniplaanid<\/span><\/a><\/p><p><a href=\"https:\/\/polvakool.ee\/test\/tunniplaan\/opetajadTilsi\/Kla1A.htm\">\u00d5petajate tunniplaanid<\/a><\/p><p><b>Ahja maja<\/b><b><br \/><\/b><\/p><p><a href=\"https:\/\/polvakool.ee\/test\/tunniplaan\/klassidAhja\/Cla1A.htm\"><span style=\"font-weight: 400;\">Klasside tunniplaanid<\/span><\/a><\/p><p><a href=\"https:\/\/polvakool.ee\/test\/tunniplaan\/opetajadAhja\/Cla1A.htm\">\u00d5petajate tunniplaanid<\/a><\/p>\t\t\t\t\t\t\t\t<\/div>\n\t\t\t\t<\/div>\n\t\t\t\t\t<\/div>\n\t\t\t\t<\/div>\n\t\t\t\t<\/div>\n\t\t","protected":false},"excerpt":{"rendered":"<p>Tunniplaan Tunniplaanid\u00a0 2025\/26. \u00f5a \u00d5ppeainete l\u00fchendid tunniplaanides Keskmaja ja Mammaste maja Klassijuhataja tunni ruumid 01.09.2025 (Kesk 25 majas). Klasside tunniplaan\u00d5petajate tunniplaanRuumide plaan Vastse-Kuuste maja Klasside tunniplaanid\u00d5petajate tunniplaanid Mooste m\u00f5isamajaKlasside tunniplaanid\u00d5petajate tunniplaanid Tilsi majaKlasside tunniplaanid \u00d5petajate tunniplaanid Ahja maja Klasside tunniplaanid \u00d5petajate tunniplaanid<\/p>\n","protected":false},"author":1,"featured_media":0,"parent":0,"menu_order":0,"comment_status":"closed","ping_status":"closed","template":"elementor_header_footer","meta":{"_acf_changed":false,"iawp_total_views":52300,"footnotes":""},"class_list":["post-729","page","type-page","status-publish","hentry"],"acf":[],"_links":{"self":[{"href":"https:\/\/polvakool.ee\/test\/wp-json\/wp\/v2\/pages\/729","targetHints":{"allow":["GET"]}}],"collection":[{"href":"https:\/\/polvakool.ee\/test\/wp-json\/wp\/v2\/pages"}],"about":[{"href":"https:\/\/polvakool.ee\/test\/wp-json\/wp\/v2\/types\/page"}],"author":[{"embeddable":true,"href":"https:\/\/polvakool.ee\/test\/wp-json\/wp\/v2\/users\/1"}],"replies":[{"embeddable":true,"href":"https:\/\/polvakool.ee\/test\/wp-json\/wp\/v2\/comments?post=729"}],"version-history":[{"count":100,"href":"https:\/\/polvakool.ee\/test\/wp-json\/wp\/v2\/pages\/729\/revisions"}],"predecessor-version":[{"id":4134,"href":"https:\/\/polvakool.ee\/test\/wp-json\/wp\/v2\/pages\/729\/revisions\/4134"}],"wp:attachment":[{"href":"https:\/\/polvakool.ee\/test\/wp-json\/wp\/v2\/media?parent=729"}],"curies":[{"name":"wp","href":"https:\/\/api.w.org\/{rel}","templated":true}]}}