{"id":735,"date":"2024-10-28T17:41:15","date_gmt":"2024-10-28T17:41:15","guid":{"rendered":"https:\/\/vana.polvakool.ee\/?page_id=735"},"modified":"2025-05-16T14:38:46","modified_gmt":"2025-05-16T12:38:46","slug":"vastuvott","status":"publish","type":"page","link":"https:\/\/polvakool.ee\/test\/vastuvott\/","title":{"rendered":"Vastuv\u00f5tt"},"content":{"rendered":"\t\t<div data-elementor-type=\"wp-page\" data-elementor-id=\"735\" class=\"elementor elementor-735\" data-elementor-post-type=\"page\">\n\t\t\t\t<div class=\"elementor-element elementor-element-8daf297 e-flex e-con-boxed e-con e-parent\" data-id=\"8daf297\" data-element_type=\"container\" data-e-type=\"container\" data-settings=\"{&quot;background_background&quot;:&quot;classic&quot;}\">\n\t\t\t\t\t<div class=\"e-con-inner\">\n\t\t<div class=\"elementor-element elementor-element-7137434 e-con-full e-flex e-con e-child\" data-id=\"7137434\" data-element_type=\"container\" data-e-type=\"container\" data-settings=\"{&quot;background_background&quot;:&quot;classic&quot;}\">\n\t\t\t\t<div class=\"elementor-element elementor-element-9aaae08 elementor-widget elementor-widget-heading\" data-id=\"9aaae08\" data-element_type=\"widget\" data-e-type=\"widget\" data-widget_type=\"heading.default\">\n\t\t\t\t<div class=\"elementor-widget-container\">\n\t\t\t\t\t<h2 class=\"elementor-heading-title elementor-size-default\">vastuv\u00f5tt<\/h2>\t\t\t\t<\/div>\n\t\t\t\t<\/div>\n\t\t\t\t<\/div>\n\t\t\t\t\t<\/div>\n\t\t\t\t<\/div>\n\t\t<div class=\"elementor-element elementor-element-57e28c8 e-flex e-con-boxed e-con e-parent\" data-id=\"57e28c8\" data-element_type=\"container\" data-e-type=\"container\" data-settings=\"{&quot;background_background&quot;:&quot;classic&quot;}\">\n\t\t\t\t\t<div class=\"e-con-inner\">\n\t\t<div class=\"elementor-element elementor-element-dad2192 e-con-full e-flex e-con e-child\" data-id=\"dad2192\" data-element_type=\"container\" data-e-type=\"container\" data-settings=\"{&quot;background_background&quot;:&quot;classic&quot;}\">\n\t\t\t\t<div class=\"elementor-element elementor-element-d6fcb04 elementor-widget elementor-widget-text-editor\" data-id=\"d6fcb04\" data-element_type=\"widget\" data-e-type=\"widget\" data-widget_type=\"text-editor.default\">\n\t\t\t\t<div class=\"elementor-widget-container\">\n\t\t\t\t\t\t\t\t\t<header><\/header><div><h3>Esimesse klassi \u00f5ppima asumine<\/h3><p>Esimesse klassi \u00f5ppima asumiseks on vajalikud j\u00e4rgmised dokumendid:<\/p><p>1) vormikohane taotlus 1. klassi astumiseks \u2013 <a href=\"https:\/\/polvakool.ee\/test\/wp-content\/uploads\/2025\/05\/Taotlus_1klass.pdf\">pdf<\/a>,\u00a0<a href=\"https:\/\/polvakool.ee\/test\/wp-content\/uploads\/2025\/04\/Taotlus_1klass.docx\">docx<\/a><br \/>2) lapse isikut t\u00f5endava dokumendi koopia<br \/>3) lapsevanema isikut t\u00f5endava dokumendi koopia<br \/>4) koolieelse lasteasutuse poolt v\u00e4lja antud koolivalmiduskaart<br \/>5) lapse foto, suuruses 3\u00d74 cm. \u00d5pilaspileti jaoks lapse foto, suuruses 3 x 4 cm, kogub enda k\u00e4tte klassijuhataja augustis v\u00f5i \u00f5ppeaasta alguses.<\/p><p><strong>Vormikohase taotluse esitab lapsevanem hiljemalt 31. maiks\u00a0<\/strong>P\u00f5lva Kooli kantseleisse (Kesk 25) v\u00f5i digiallkirjastatult e-posti aadressile info@polvakool.ee<\/p><p>Tilsi, Mooste, Vastse-Kuuste ja Ahja maja v\u00f5tavad vajadusel oma majas vastu taotluse paberil koos k\u00f5igi lisatud dokumentidega.<\/p><\/div>\t\t\t\t\t\t\t\t<\/div>\n\t\t\t\t<\/div>\n\t\t\t\t<\/div>\n\t\t<div class=\"elementor-element elementor-element-e30d361 e-con-full e-flex e-con e-child\" data-id=\"e30d361\" data-element_type=\"container\" data-e-type=\"container\" data-settings=\"{&quot;background_background&quot;:&quot;classic&quot;}\">\n\t\t\t\t<div class=\"elementor-element elementor-element-4080328 elementor-widget elementor-widget-text-editor\" data-id=\"4080328\" data-element_type=\"widget\" data-e-type=\"widget\" data-widget_type=\"text-editor.default\">\n\t\t\t\t<div class=\"elementor-widget-container\">\n\t\t\t\t\t\t\t\t\t<header><\/header><div><header><h3>Vastuv\u00f5tu tingimused ja kord<\/h3><\/header><header><h2><a style=\"font-family: var( --e-global-typography-text-font-family ), Sans-serif; font-weight: var( --e-global-typography-text-font-weight ); text-align: var(--text-align); font-size: 1rem;\" href=\"https:\/\/polvakool.ee\/test\/wp-content\/uploads\/vastuv%C3%B5tt_-1.pdf\">P\u00f5lva Kooli \u00f5pilaste vastuv\u00f5tu tingimused ja kord<\/a><span style=\"color: var( --e-global-color-text ); font-family: var( --e-global-typography-text-font-family ), Sans-serif; font-weight: var( --e-global-typography-text-font-weight ); text-align: var(--text-align); background-color: var( --e-global-color-secondary ); font-size: 1rem;\">\u00a0(Kinnitatud 29.02.2016 direktori k\u00e4skkirjaga nr 2-2\/2)<\/span><\/h2><\/header><div><p>P\u00f5lva Kooli\u00a0 1. klassi vastuv\u00f5tutaotluse vorm \u2013 <a href=\"https:\/\/polvakool.ee\/test\/wp-content\/uploads\/2025\/05\/Taotlus_1klass.pdf\">pdf<\/a>,\u00a0<a href=\"https:\/\/polvakool.ee\/test\/wp-content\/uploads\/2025\/04\/Taotlus_1klass.docx\">docx<\/a><\/p><p>P\u00f5lva Kooli 2.-9. klassi vastuv\u00f5tutaotluse vorm \u2013\u00a0<a href=\"https:\/\/polvakool.ee\/test\/wp-content\/uploads\/Taotlus_2_9klass.pdf\">pdf<\/a>,\u00a0<a href=\"https:\/\/polvakool.ee\/test\/wp-content\/uploads\/Taotlus_2_9klass.docx\">docx<\/a><\/p><\/div><\/div>\t\t\t\t\t\t\t\t<\/div>\n\t\t\t\t<\/div>\n\t\t\t\t<\/div>\n\t\t\t\t\t<\/div>\n\t\t\t\t<\/div>\n\t\t\t\t<\/div>\n\t\t","protected":false},"excerpt":{"rendered":"<p>vastuv\u00f5tt Esimesse klassi \u00f5ppima asumine Esimesse klassi \u00f5ppima asumiseks on vajalikud j\u00e4rgmised dokumendid: 1) vormikohane taotlus 1. klassi astumiseks \u2013 pdf,\u00a0docx2) lapse isikut t\u00f5endava dokumendi koopia3) lapsevanema isikut t\u00f5endava dokumendi koopia4) koolieelse lasteasutuse poolt v\u00e4lja antud koolivalmiduskaart5) lapse foto, suuruses 3\u00d74 cm. \u00d5pilaspileti jaoks lapse foto, suuruses 3 x 4 cm, kogub enda k\u00e4tte klassijuhataja [&hellip;]<\/p>\n","protected":false},"author":1,"featured_media":0,"parent":0,"menu_order":0,"comment_status":"closed","ping_status":"closed","template":"","meta":{"_acf_changed":false,"iawp_total_views":931,"footnotes":""},"class_list":["post-735","page","type-page","status-publish","hentry"],"acf":[],"_links":{"self":[{"href":"https:\/\/polvakool.ee\/test\/wp-json\/wp\/v2\/pages\/735","targetHints":{"allow":["GET"]}}],"collection":[{"href":"https:\/\/polvakool.ee\/test\/wp-json\/wp\/v2\/pages"}],"about":[{"href":"https:\/\/polvakool.ee\/test\/wp-json\/wp\/v2\/types\/page"}],"author":[{"embeddable":true,"href":"https:\/\/polvakool.ee\/test\/wp-json\/wp\/v2\/users\/1"}],"replies":[{"embeddable":true,"href":"https:\/\/polvakool.ee\/test\/wp-json\/wp\/v2\/comments?post=735"}],"version-history":[{"count":43,"href":"https:\/\/polvakool.ee\/test\/wp-json\/wp\/v2\/pages\/735\/revisions"}],"predecessor-version":[{"id":3455,"href":"https:\/\/polvakool.ee\/test\/wp-json\/wp\/v2\/pages\/735\/revisions\/3455"}],"wp:attachment":[{"href":"https:\/\/polvakool.ee\/test\/wp-json\/wp\/v2\/media?parent=735"}],"curies":[{"name":"wp","href":"https:\/\/api.w.org\/{rel}","templated":true}]}}