{"id":756,"date":"2024-10-28T17:58:51","date_gmt":"2024-10-28T17:58:51","guid":{"rendered":"https:\/\/vana.polvakool.ee\/?page_id=756"},"modified":"2025-02-02T17:45:04","modified_gmt":"2025-02-02T15:45:04","slug":"huviringid","status":"publish","type":"page","link":"https:\/\/polvakool.ee\/test\/huviringid\/","title":{"rendered":"Tervist edendav kool"},"content":{"rendered":"\t\t<div data-elementor-type=\"wp-page\" data-elementor-id=\"756\" class=\"elementor elementor-756\" data-elementor-post-type=\"page\">\n\t\t\t\t<div class=\"elementor-element elementor-element-62e8b1db e-flex e-con-boxed e-con e-parent\" data-id=\"62e8b1db\" data-element_type=\"container\" data-e-type=\"container\" data-settings=\"{&quot;background_background&quot;:&quot;classic&quot;}\">\n\t\t\t\t\t<div class=\"e-con-inner\">\n\t\t<div class=\"elementor-element elementor-element-65f0d851 e-con-full e-flex e-con e-child\" data-id=\"65f0d851\" data-element_type=\"container\" data-e-type=\"container\" data-settings=\"{&quot;background_background&quot;:&quot;classic&quot;}\">\n\t\t\t\t<div class=\"elementor-element elementor-element-39589ec1 elementor-widget elementor-widget-heading\" data-id=\"39589ec1\" data-element_type=\"widget\" data-e-type=\"widget\" data-widget_type=\"heading.default\">\n\t\t\t\t<div class=\"elementor-widget-container\">\n\t\t\t\t\t<h2 class=\"elementor-heading-title elementor-size-default\">Tervist edendav kool<\/h2>\t\t\t\t<\/div>\n\t\t\t\t<\/div>\n\t\t\t\t<\/div>\n\t\t<div class=\"elementor-element elementor-element-2806dad e-con-full e-flex e-con e-child\" data-id=\"2806dad\" data-element_type=\"container\" data-e-type=\"container\">\n\t\t\t\t<div class=\"elementor-element elementor-element-10e360a2 elementor-widget elementor-widget-text-editor\" data-id=\"10e360a2\" data-element_type=\"widget\" data-e-type=\"widget\" data-widget_type=\"text-editor.default\">\n\t\t\t\t<div class=\"elementor-widget-container\">\n\t\t\t\t\t\t\t\t\t<p>P\u00f5lva Kool kuulub\u00a0<a href=\"http:\/\/www.terviseinfo.ee\/et\/tervise-edendamine\/koolis\/tervist-edendavate-koolide-vorgustik\" target=\"_blank\" rel=\"noopener noreferrer\"><strong>Tervist Edendavate Koolide<\/strong><\/a>\u00a0(TEK) v\u00f5rgustikku.<\/p><p>Liikumise\u00a0<strong>Tervist Edendava Kool<\/strong>\u00a0eesm\u00e4rgiks on edendada koolides ja ka paikkonnas tervislikku elulaadi ning kujundada turvalist sotsiaalset ja f\u00fc\u00fcsilist keskkonda.<\/p><p>Liikumise eesm\u00e4rgiks on kool, kus \u00f5pilastel, \u00f5petajatel,direktoril ja teistel koolipere liikmetel oleks olemas meeldiv ja hea koolikeskkond, kus \u00f5ppida ning t\u00f6\u00f6tada. Selle kujundamisele aitavad kaasa k\u00f5ik koolipere liikmed.<br \/>TEK p\u00f5him\u00f5tteid ja eesm\u00e4rke aitab koolis rakendada\u00a0<strong>Tervisen\u00f5ukogu.<\/strong>\u00a0See on vabatahtlik \u00fchendus erinevatest \u00f5petajatest, \u00f5pilastest ja kooli t\u00f6\u00f6tajatest. Koost\u00f6\u00f6s kooliperega seistakse \u00f5pilase vaimse, sotsiaalse ja f\u00fc\u00fcsilise\u00a0<strong>tervise heaolu<\/strong>\u00a0eest koolis.<\/p><p class=\"normal\"><strong>P\u00f5lva Kooli Tervisen\u00f5ukogu koosseis t\u00e4iendamisel:<\/strong><\/p><div>\u00a0<\/div><p><strong><a href=\"https:\/\/polvakool.ee\/test\/wp-content\/uploads\/Koolilouna_vajalikkusest.pdf\">Toitumissoovitused tervisen\u00f5ukogu poolt<\/a><\/strong><\/p><p><strong><a href=\"https:\/\/arenduskeskus.polvamaa.ee\/terviseedendus\/\">P\u00f5lvamaa terviseedenduse info<\/a><\/strong><\/p>\t\t\t\t\t\t\t\t<\/div>\n\t\t\t\t<\/div>\n\t\t\t\t<\/div>\n\t\t\t\t\t<\/div>\n\t\t\t\t<\/div>\n\t\t\t\t<\/div>\n\t\t","protected":false},"excerpt":{"rendered":"<p>Tervist edendav kool P\u00f5lva Kool kuulub\u00a0Tervist Edendavate Koolide\u00a0(TEK) v\u00f5rgustikku. Liikumise\u00a0Tervist Edendava Kool\u00a0eesm\u00e4rgiks on edendada koolides ja ka paikkonnas tervislikku elulaadi ning kujundada turvalist sotsiaalset ja f\u00fc\u00fcsilist keskkonda. Liikumise eesm\u00e4rgiks on kool, kus \u00f5pilastel, \u00f5petajatel,direktoril ja teistel koolipere liikmetel oleks olemas meeldiv ja hea koolikeskkond, kus \u00f5ppida ning t\u00f6\u00f6tada. Selle kujundamisele aitavad kaasa k\u00f5ik koolipere liikmed.TEK [&hellip;]<\/p>\n","protected":false},"author":1,"featured_media":0,"parent":0,"menu_order":0,"comment_status":"closed","ping_status":"closed","template":"elementor_header_footer","meta":{"_acf_changed":false,"iawp_total_views":137,"footnotes":""},"class_list":["post-756","page","type-page","status-publish","hentry"],"acf":[],"_links":{"self":[{"href":"https:\/\/polvakool.ee\/test\/wp-json\/wp\/v2\/pages\/756","targetHints":{"allow":["GET"]}}],"collection":[{"href":"https:\/\/polvakool.ee\/test\/wp-json\/wp\/v2\/pages"}],"about":[{"href":"https:\/\/polvakool.ee\/test\/wp-json\/wp\/v2\/types\/page"}],"author":[{"embeddable":true,"href":"https:\/\/polvakool.ee\/test\/wp-json\/wp\/v2\/users\/1"}],"replies":[{"embeddable":true,"href":"https:\/\/polvakool.ee\/test\/wp-json\/wp\/v2\/comments?post=756"}],"version-history":[{"count":18,"href":"https:\/\/polvakool.ee\/test\/wp-json\/wp\/v2\/pages\/756\/revisions"}],"predecessor-version":[{"id":2537,"href":"https:\/\/polvakool.ee\/test\/wp-json\/wp\/v2\/pages\/756\/revisions\/2537"}],"wp:attachment":[{"href":"https:\/\/polvakool.ee\/test\/wp-json\/wp\/v2\/media?parent=756"}],"curies":[{"name":"wp","href":"https:\/\/api.w.org\/{rel}","templated":true}]}}