{"id":765,"date":"2024-10-28T18:03:27","date_gmt":"2024-10-28T18:03:27","guid":{"rendered":"https:\/\/vana.polvakool.ee\/?page_id=765"},"modified":"2025-09-15T14:39:11","modified_gmt":"2025-09-15T12:39:11","slug":"uritused","status":"publish","type":"page","link":"https:\/\/polvakool.ee\/test\/uritused\/","title":{"rendered":"\u00dcritused"},"content":{"rendered":"\t\t<div data-elementor-type=\"wp-page\" data-elementor-id=\"765\" class=\"elementor elementor-765\" data-elementor-post-type=\"page\">\n\t\t\t\t<div class=\"elementor-element elementor-element-69c97fdf e-flex e-con-boxed e-con e-parent\" data-id=\"69c97fdf\" data-element_type=\"container\" data-e-type=\"container\" data-settings=\"{&quot;background_background&quot;:&quot;classic&quot;}\">\n\t\t\t\t\t<div class=\"e-con-inner\">\n\t\t<div class=\"elementor-element elementor-element-52a29899 e-con-full e-flex e-con e-child\" data-id=\"52a29899\" data-element_type=\"container\" data-e-type=\"container\" data-settings=\"{&quot;background_background&quot;:&quot;classic&quot;}\">\n\t\t\t\t<div class=\"elementor-element elementor-element-318e3cd9 elementor-widget elementor-widget-heading\" data-id=\"318e3cd9\" data-element_type=\"widget\" data-e-type=\"widget\" data-widget_type=\"heading.default\">\n\t\t\t\t<div class=\"elementor-widget-container\">\n\t\t\t\t\t<h2 class=\"elementor-heading-title elementor-size-default\">\u00dcritused<\/h2>\t\t\t\t<\/div>\n\t\t\t\t<\/div>\n\t\t\t\t<\/div>\n\t\t\t\t\t<\/div>\n\t\t\t\t<\/div>\n\t\t<div class=\"elementor-element elementor-element-0661fb7 e-flex e-con-boxed e-con e-parent\" data-id=\"0661fb7\" data-element_type=\"container\" data-e-type=\"container\">\n\t\t\t\t\t<div class=\"e-con-inner\">\n\t\t\t\t<div class=\"elementor-element elementor-element-190aab6 elementor-widget elementor-widget-text-editor\" data-id=\"190aab6\" data-element_type=\"widget\" data-e-type=\"widget\" data-widget_type=\"text-editor.default\">\n\t\t\t\t<div class=\"elementor-widget-container\">\n\t\t\t\t\t\t\t\t\t<h5><a href=\"https:\/\/docs.google.com\/document\/d\/e\/2PACX-1vTSmeOnhT5cs5apVh1r4TTgZIRcXW38beZBgwZ32Zj7Qzu05jT6Uhjo6okFmd7HTeeTWq-3Qrn9op5v\/pub\">Mammaste maja huvitegevuse t\u00f6\u00f6plaan 2025\/26<\/a><\/h5><h5><a href=\"https:\/\/docs.google.com\/document\/d\/e\/2PACX-1vQIwokkXkUyxi12u_RBR-DVp6uAu9OO5F9Txcotd7DHC3Zb39gOD6vae78bjBb9tnlPiyqa8NRmVE2F\/pub\">\u00c4hnioru maja huvitegevuse t\u00f6\u00f6plaan 2025\/26<\/a><\/h5>\t\t\t\t\t\t\t\t<\/div>\n\t\t\t\t<\/div>\n\t\t\t\t\t<\/div>\n\t\t\t\t<\/div>\n\t\t\t\t<\/div>\n\t\t","protected":false},"excerpt":{"rendered":"<p>\u00dcritused Mammaste maja huvitegevuse t\u00f6\u00f6plaan 2025\/26 \u00c4hnioru maja huvitegevuse t\u00f6\u00f6plaan 2025\/26<\/p>\n","protected":false},"author":1,"featured_media":0,"parent":0,"menu_order":0,"comment_status":"closed","ping_status":"closed","template":"elementor_header_footer","meta":{"_acf_changed":false,"iawp_total_views":940,"footnotes":""},"class_list":["post-765","page","type-page","status-publish","hentry"],"acf":[],"_links":{"self":[{"href":"https:\/\/polvakool.ee\/test\/wp-json\/wp\/v2\/pages\/765","targetHints":{"allow":["GET"]}}],"collection":[{"href":"https:\/\/polvakool.ee\/test\/wp-json\/wp\/v2\/pages"}],"about":[{"href":"https:\/\/polvakool.ee\/test\/wp-json\/wp\/v2\/types\/page"}],"author":[{"embeddable":true,"href":"https:\/\/polvakool.ee\/test\/wp-json\/wp\/v2\/users\/1"}],"replies":[{"embeddable":true,"href":"https:\/\/polvakool.ee\/test\/wp-json\/wp\/v2\/comments?post=765"}],"version-history":[{"count":26,"href":"https:\/\/polvakool.ee\/test\/wp-json\/wp\/v2\/pages\/765\/revisions"}],"predecessor-version":[{"id":4011,"href":"https:\/\/polvakool.ee\/test\/wp-json\/wp\/v2\/pages\/765\/revisions\/4011"}],"wp:attachment":[{"href":"https:\/\/polvakool.ee\/test\/wp-json\/wp\/v2\/media?parent=765"}],"curies":[{"name":"wp","href":"https:\/\/api.w.org\/{rel}","templated":true}]}}