{"id":767,"date":"2024-10-28T18:03:52","date_gmt":"2024-10-28T18:03:52","guid":{"rendered":"https:\/\/vana.polvakool.ee\/?page_id=767"},"modified":"2025-10-10T13:50:07","modified_gmt":"2025-10-10T11:50:07","slug":"erasmus","status":"publish","type":"page","link":"https:\/\/polvakool.ee\/test\/erasmus\/","title":{"rendered":"Erasmus+"},"content":{"rendered":"\t\t<div data-elementor-type=\"wp-page\" data-elementor-id=\"767\" class=\"elementor elementor-767\" data-elementor-post-type=\"page\">\n\t\t\t\t<div class=\"elementor-element elementor-element-5cb6c3a8 e-flex e-con-boxed e-con e-parent\" data-id=\"5cb6c3a8\" data-element_type=\"container\" data-e-type=\"container\" data-settings=\"{&quot;background_background&quot;:&quot;classic&quot;}\">\n\t\t\t\t\t<div class=\"e-con-inner\">\n\t\t<div class=\"elementor-element elementor-element-724a887f e-con-full e-flex e-con e-child\" data-id=\"724a887f\" data-element_type=\"container\" data-e-type=\"container\" data-settings=\"{&quot;background_background&quot;:&quot;classic&quot;}\">\n\t\t\t\t<div class=\"elementor-element elementor-element-47f1fd1d elementor-widget elementor-widget-heading\" data-id=\"47f1fd1d\" data-element_type=\"widget\" data-e-type=\"widget\" data-widget_type=\"heading.default\">\n\t\t\t\t<div class=\"elementor-widget-container\">\n\t\t\t\t\t<h2 class=\"elementor-heading-title elementor-size-default\">Erasmus+<\/h2>\t\t\t\t<\/div>\n\t\t\t\t<\/div>\n\t\t\t\t<\/div>\n\t\t\t\t<div class=\"elementor-element elementor-element-56d1325 elementor-posts--align-center elementor-grid-1 elementor-hidden-desktop elementor-hidden-tablet elementor-grid-tablet-2 elementor-grid-mobile-1 elementor-posts--thumbnail-top elementor-card-shadow-yes elementor-posts__hover-gradient elementor-widget elementor-widget-posts\" data-id=\"56d1325\" data-element_type=\"widget\" data-e-type=\"widget\" data-settings=\"{&quot;pagination_type&quot;:&quot;numbers&quot;,&quot;cards_columns&quot;:&quot;1&quot;,&quot;cards_columns_tablet&quot;:&quot;2&quot;,&quot;cards_columns_mobile&quot;:&quot;1&quot;,&quot;cards_row_gap&quot;:{&quot;unit&quot;:&quot;px&quot;,&quot;size&quot;:35,&quot;sizes&quot;:[]},&quot;cards_row_gap_tablet&quot;:{&quot;unit&quot;:&quot;px&quot;,&quot;size&quot;:&quot;&quot;,&quot;sizes&quot;:[]},&quot;cards_row_gap_mobile&quot;:{&quot;unit&quot;:&quot;px&quot;,&quot;size&quot;:&quot;&quot;,&quot;sizes&quot;:[]}}\" data-widget_type=\"posts.cards\">\n\t\t\t\t<div class=\"elementor-widget-container\">\n\t\t\t\t\t\t\t<div class=\"elementor-posts-container elementor-posts elementor-posts--skin-cards elementor-grid\" role=\"list\">\n\t\t\t\t<article class=\"elementor-post elementor-grid-item post-4281 post type-post status-publish format-standard has-post-thumbnail hentry category-erasmus\" role=\"listitem\">\n\t\t\t<div class=\"elementor-post__card\">\n\t\t\t\t<a class=\"elementor-post__thumbnail__link\" href=\"https:\/\/polvakool.ee\/test\/vastse-kuuste-maja-opetajate-koolitus-tenerifel\/\" tabindex=\"-1\" ><div class=\"elementor-post__thumbnail\"><img fetchpriority=\"high\" decoding=\"async\" width=\"640\" height=\"480\" src=\"https:\/\/polvakool.ee\/test\/wp-content\/uploads\/2025\/11\/IMG_9774.jpg\" class=\"attachment-large size-large wp-image-4282\" alt=\"\" srcset=\"https:\/\/polvakool.ee\/test\/wp-content\/uploads\/2025\/11\/IMG_9774.jpg 640w, https:\/\/polvakool.ee\/test\/wp-content\/uploads\/2025\/11\/IMG_9774-300x225.jpg 300w\" sizes=\"(max-width: 640px) 100vw, 640px\" \/><\/div><\/a>\n\t\t\t\t<div class=\"elementor-post__text\">\n\t\t\t\t<h3 class=\"elementor-post__title\">\n\t\t\t<a href=\"https:\/\/polvakool.ee\/test\/vastse-kuuste-maja-opetajate-koolitus-tenerifel\/\" >\n\t\t\t\tVastse-Kuuste maja \u00f5petajate koolitus Tenerifel\t\t\t<\/a>\n\t\t<\/h3>\n\t\t\t\t<div class=\"elementor-post__excerpt\">\n\t\t\t<p>13.- 18. oktoobril osalesid P\u00f5lva Kooli Vastse-Kuuste maja \u00f5petajad Sandra Tikk, Lisete \u017dvirblis ja Siiri Hommik \u00f5pir\u00e4ndel\u00a0 San Cristobal De<\/p>\n\t\t<\/div>\n\t\t\n\t\t<a class=\"elementor-post__read-more\" href=\"https:\/\/polvakool.ee\/test\/vastse-kuuste-maja-opetajate-koolitus-tenerifel\/\" aria-label=\"Read more about Vastse-Kuuste maja \u00f5petajate koolitus Tenerifel\" tabindex=\"-1\" >\n\t\t\tLoe Rohkem \u00bb\t\t<\/a>\n\n\t\t\t\t<\/div>\n\t\t\t\t\t<\/div>\n\t\t<\/article>\n\t\t\t\t<article class=\"elementor-post elementor-grid-item post-4258 post type-post status-publish format-standard has-post-thumbnail hentry category-erasmus\" role=\"listitem\">\n\t\t\t<div class=\"elementor-post__card\">\n\t\t\t\t<a class=\"elementor-post__thumbnail__link\" href=\"https:\/\/polvakool.ee\/test\/polva-koolis-algas-uus-erasmus-koostooprojekt\/\" tabindex=\"-1\" ><div class=\"elementor-post__thumbnail\"><img decoding=\"async\" width=\"640\" height=\"474\" src=\"https:\/\/polvakool.ee\/test\/wp-content\/uploads\/2025\/10\/Fafe-1.jpg\" class=\"attachment-large size-large wp-image-4269\" alt=\"\" srcset=\"https:\/\/polvakool.ee\/test\/wp-content\/uploads\/2025\/10\/Fafe-1.jpg 640w, https:\/\/polvakool.ee\/test\/wp-content\/uploads\/2025\/10\/Fafe-1-300x222.jpg 300w\" sizes=\"(max-width: 640px) 100vw, 640px\" \/><\/div><\/a>\n\t\t\t\t<div class=\"elementor-post__text\">\n\t\t\t\t<h3 class=\"elementor-post__title\">\n\t\t\t<a href=\"https:\/\/polvakool.ee\/test\/polva-koolis-algas-uus-erasmus-koostooprojekt\/\" >\n\t\t\t\tP\u00f5lva Koolis algas uus Erasmus+ koost\u00f6\u00f6projekt\t\t\t<\/a>\n\t\t<\/h3>\n\t\t\t\t<div class=\"elementor-post__excerpt\">\n\t\t\t<p>P\u00f5lva Kool osaleb 01.09.2025 \u2013 31.08.2027 a. koordinaatorina Erasmus+ koost\u00f6\u00f6projektis \u201eHome in Time and Traditions\u201c. Partnerid on Portugali, Itaalia ja<\/p>\n\t\t<\/div>\n\t\t\n\t\t<a class=\"elementor-post__read-more\" href=\"https:\/\/polvakool.ee\/test\/polva-koolis-algas-uus-erasmus-koostooprojekt\/\" aria-label=\"Read more about P\u00f5lva Koolis algas uus Erasmus+ koost\u00f6\u00f6projekt\" tabindex=\"-1\" >\n\t\t\tLoe Rohkem \u00bb\t\t<\/a>\n\n\t\t\t\t<\/div>\n\t\t\t\t\t<\/div>\n\t\t<\/article>\n\t\t\t\t<article class=\"elementor-post elementor-grid-item post-4211 post type-post status-publish format-standard has-post-thumbnail hentry category-erasmus\" role=\"listitem\">\n\t\t\t<div class=\"elementor-post__card\">\n\t\t\t\t<a class=\"elementor-post__thumbnail__link\" href=\"https:\/\/polvakool.ee\/test\/polva-kooli-keskmaja-opilaste-erasmus-opiranne-hispaanias-avas-enesevaljenduskunsti-tagamaid\/\" tabindex=\"-1\" ><div class=\"elementor-post__thumbnail\"><img decoding=\"async\" width=\"800\" height=\"600\" src=\"https:\/\/polvakool.ee\/test\/wp-content\/uploads\/2025\/10\/IMG-20251007-WA0021-1024x768.jpg\" class=\"attachment-large size-large wp-image-4212\" alt=\"\" srcset=\"https:\/\/polvakool.ee\/test\/wp-content\/uploads\/2025\/10\/IMG-20251007-WA0021-1024x768.jpg 1024w, https:\/\/polvakool.ee\/test\/wp-content\/uploads\/2025\/10\/IMG-20251007-WA0021-300x225.jpg 300w, https:\/\/polvakool.ee\/test\/wp-content\/uploads\/2025\/10\/IMG-20251007-WA0021-768x576.jpg 768w, https:\/\/polvakool.ee\/test\/wp-content\/uploads\/2025\/10\/IMG-20251007-WA0021-1536x1152.jpg 1536w, https:\/\/polvakool.ee\/test\/wp-content\/uploads\/2025\/10\/IMG-20251007-WA0021.jpg 2048w\" sizes=\"(max-width: 800px) 100vw, 800px\" \/><\/div><\/a>\n\t\t\t\t<div class=\"elementor-post__text\">\n\t\t\t\t<h3 class=\"elementor-post__title\">\n\t\t\t<a href=\"https:\/\/polvakool.ee\/test\/polva-kooli-keskmaja-opilaste-erasmus-opiranne-hispaanias-avas-enesevaljenduskunsti-tagamaid\/\" >\n\t\t\t\tP\u00f5lva Kooli keskmaja \u00f5pilaste Erasmus+ \u00f5pir\u00e4nne Hispaanias avas enesev\u00e4ljenduskunsti tagamaid\t\t\t<\/a>\n\t\t<\/h3>\n\t\t\t\t<div class=\"elementor-post__excerpt\">\n\t\t\t<p>6.\u201310. oktoobril osalesid k\u00fcmme P\u00f5lva Kooli keskmaja 8.\u20139. klassi \u00f5pilast \u00f5pir\u00e4ndel Hispaanias, Granollersi linnas. \u00d5pilasi v\u00f5\u00f5rustas Celesti Bellera kool, kus<\/p>\n\t\t<\/div>\n\t\t\n\t\t<a class=\"elementor-post__read-more\" href=\"https:\/\/polvakool.ee\/test\/polva-kooli-keskmaja-opilaste-erasmus-opiranne-hispaanias-avas-enesevaljenduskunsti-tagamaid\/\" aria-label=\"Read more about P\u00f5lva Kooli keskmaja \u00f5pilaste Erasmus+ \u00f5pir\u00e4nne Hispaanias avas enesev\u00e4ljenduskunsti tagamaid\" tabindex=\"-1\" >\n\t\t\tLoe Rohkem \u00bb\t\t<\/a>\n\n\t\t\t\t<\/div>\n\t\t\t\t\t<\/div>\n\t\t<\/article>\n\t\t\t\t<article class=\"elementor-post elementor-grid-item post-4193 post type-post status-publish format-standard has-post-thumbnail hentry category-erasmus\" role=\"listitem\">\n\t\t\t<div class=\"elementor-post__card\">\n\t\t\t\t<a class=\"elementor-post__thumbnail__link\" href=\"https:\/\/polvakool.ee\/test\/opiranne-madeira-saarel-2\/\" tabindex=\"-1\" ><div class=\"elementor-post__thumbnail\"><img loading=\"lazy\" decoding=\"async\" width=\"800\" height=\"600\" src=\"https:\/\/polvakool.ee\/test\/wp-content\/uploads\/2025\/10\/43c49060-1b81-4ecb-9910-74d60145d9f9.webp\" class=\"attachment-large size-large wp-image-4153\" alt=\"\" srcset=\"https:\/\/polvakool.ee\/test\/wp-content\/uploads\/2025\/10\/43c49060-1b81-4ecb-9910-74d60145d9f9.webp 1024w, https:\/\/polvakool.ee\/test\/wp-content\/uploads\/2025\/10\/43c49060-1b81-4ecb-9910-74d60145d9f9-300x225.webp 300w, https:\/\/polvakool.ee\/test\/wp-content\/uploads\/2025\/10\/43c49060-1b81-4ecb-9910-74d60145d9f9-768x576.webp 768w\" sizes=\"(max-width: 800px) 100vw, 800px\" \/><\/div><\/a>\n\t\t\t\t<div class=\"elementor-post__text\">\n\t\t\t\t<h3 class=\"elementor-post__title\">\n\t\t\t<a href=\"https:\/\/polvakool.ee\/test\/opiranne-madeira-saarel-2\/\" >\n\t\t\t\t\u00d5pir\u00e4nne Madeira saarel\t\t\t<\/a>\n\t\t<\/h3>\n\t\t\t\t<div class=\"elementor-post__excerpt\">\n\t\t\t<p>15.-20.septembrini osalesime \u00f5pir\u00e4ndel Madeira saarel. Funchali linnas toimuv Europass Teacher Academy koolitus kandis pealkirja &#8221;Social and Emotional Learning (SEL) for<\/p>\n\t\t<\/div>\n\t\t\n\t\t<a class=\"elementor-post__read-more\" href=\"https:\/\/polvakool.ee\/test\/opiranne-madeira-saarel-2\/\" aria-label=\"Read more about \u00d5pir\u00e4nne Madeira saarel\" tabindex=\"-1\" >\n\t\t\tLoe Rohkem \u00bb\t\t<\/a>\n\n\t\t\t\t<\/div>\n\t\t\t\t\t<\/div>\n\t\t<\/article>\n\t\t\t\t<\/div>\n\t\t\n\t\t\t\t\t\t<\/div>\n\t\t\t\t<\/div>\n\t\t\t\t<div class=\"elementor-element elementor-element-1a42815 elementor-grid-1 elementor-grid-tablet-1 elementor-posts--thumbnail-left elementor-hidden-mobile elementor-grid-mobile-1 elementor-widget elementor-widget-posts\" data-id=\"1a42815\" data-element_type=\"widget\" data-e-type=\"widget\" data-settings=\"{&quot;pagination_type&quot;:&quot;numbers&quot;,&quot;classic_columns&quot;:&quot;1&quot;,&quot;classic_columns_tablet&quot;:&quot;1&quot;,&quot;classic_columns_mobile&quot;:&quot;1&quot;,&quot;classic_row_gap&quot;:{&quot;unit&quot;:&quot;px&quot;,&quot;size&quot;:35,&quot;sizes&quot;:[]},&quot;classic_row_gap_tablet&quot;:{&quot;unit&quot;:&quot;px&quot;,&quot;size&quot;:&quot;&quot;,&quot;sizes&quot;:[]},&quot;classic_row_gap_mobile&quot;:{&quot;unit&quot;:&quot;px&quot;,&quot;size&quot;:&quot;&quot;,&quot;sizes&quot;:[]}}\" data-widget_type=\"posts.classic\">\n\t\t\t\t<div class=\"elementor-widget-container\">\n\t\t\t\t\t\t\t<div class=\"elementor-posts-container elementor-posts elementor-posts--skin-classic elementor-grid\" role=\"list\">\n\t\t\t\t<article class=\"elementor-post elementor-grid-item post-4281 post type-post status-publish format-standard has-post-thumbnail hentry category-erasmus\" role=\"listitem\">\n\t\t\t\t<a class=\"elementor-post__thumbnail__link\" href=\"https:\/\/polvakool.ee\/test\/vastse-kuuste-maja-opetajate-koolitus-tenerifel\/\" tabindex=\"-1\" >\n\t\t\t<div class=\"elementor-post__thumbnail\"><img loading=\"lazy\" decoding=\"async\" width=\"640\" height=\"480\" src=\"https:\/\/polvakool.ee\/test\/wp-content\/uploads\/2025\/11\/IMG_9774.jpg\" class=\"attachment-full size-full wp-image-4282\" alt=\"\" srcset=\"https:\/\/polvakool.ee\/test\/wp-content\/uploads\/2025\/11\/IMG_9774.jpg 640w, https:\/\/polvakool.ee\/test\/wp-content\/uploads\/2025\/11\/IMG_9774-300x225.jpg 300w\" sizes=\"(max-width: 640px) 100vw, 640px\" \/><\/div>\n\t\t<\/a>\n\t\t\t\t<div class=\"elementor-post__text\">\n\t\t\t\t<h3 class=\"elementor-post__title\">\n\t\t\t<a href=\"https:\/\/polvakool.ee\/test\/vastse-kuuste-maja-opetajate-koolitus-tenerifel\/\" >\n\t\t\t\tVastse-Kuuste maja \u00f5petajate koolitus Tenerifel\t\t\t<\/a>\n\t\t<\/h3>\n\t\t\t\t<div class=\"elementor-post__excerpt\">\n\t\t\t<p>13.- 18. oktoobril osalesid P\u00f5lva Kooli Vastse-Kuuste maja \u00f5petajad Sandra Tikk, Lisete \u017dvirblis ja Siiri Hommik \u00f5pir\u00e4ndel\u00a0 San Cristobal De La Laguna linnas Tenerifel. Kursus kandis nimetust \u201cExperiential Learning in<\/p>\n\t\t<\/div>\n\t\t\n\t\t<a class=\"elementor-post__read-more\" href=\"https:\/\/polvakool.ee\/test\/vastse-kuuste-maja-opetajate-koolitus-tenerifel\/\" aria-label=\"Read more about Vastse-Kuuste maja \u00f5petajate koolitus Tenerifel\" tabindex=\"-1\" >\n\t\t\tLoe rohkem&gt;&gt;\t\t<\/a>\n\n\t\t\t\t<\/div>\n\t\t\t\t<\/article>\n\t\t\t\t<article class=\"elementor-post elementor-grid-item post-4258 post type-post status-publish format-standard has-post-thumbnail hentry category-erasmus\" role=\"listitem\">\n\t\t\t\t<a class=\"elementor-post__thumbnail__link\" href=\"https:\/\/polvakool.ee\/test\/polva-koolis-algas-uus-erasmus-koostooprojekt\/\" tabindex=\"-1\" >\n\t\t\t<div class=\"elementor-post__thumbnail\"><img loading=\"lazy\" decoding=\"async\" width=\"640\" height=\"474\" src=\"https:\/\/polvakool.ee\/test\/wp-content\/uploads\/2025\/10\/Fafe-1.jpg\" class=\"attachment-full size-full wp-image-4269\" alt=\"\" srcset=\"https:\/\/polvakool.ee\/test\/wp-content\/uploads\/2025\/10\/Fafe-1.jpg 640w, https:\/\/polvakool.ee\/test\/wp-content\/uploads\/2025\/10\/Fafe-1-300x222.jpg 300w\" sizes=\"(max-width: 640px) 100vw, 640px\" \/><\/div>\n\t\t<\/a>\n\t\t\t\t<div class=\"elementor-post__text\">\n\t\t\t\t<h3 class=\"elementor-post__title\">\n\t\t\t<a href=\"https:\/\/polvakool.ee\/test\/polva-koolis-algas-uus-erasmus-koostooprojekt\/\" >\n\t\t\t\tP\u00f5lva Koolis algas uus Erasmus+ koost\u00f6\u00f6projekt\t\t\t<\/a>\n\t\t<\/h3>\n\t\t\t\t<div class=\"elementor-post__excerpt\">\n\t\t\t<p>P\u00f5lva Kool osaleb 01.09.2025 \u2013 31.08.2027 a. koordinaatorina Erasmus+ koost\u00f6\u00f6projektis \u201eHome in Time and Traditions\u201c. Partnerid on Portugali, Itaalia ja Horvaatia koolid. P\u00f5lva Koolist osalevad projektis Vastse-Kuuste ja Mooste maja<\/p>\n\t\t<\/div>\n\t\t\n\t\t<a class=\"elementor-post__read-more\" href=\"https:\/\/polvakool.ee\/test\/polva-koolis-algas-uus-erasmus-koostooprojekt\/\" aria-label=\"Read more about P\u00f5lva Koolis algas uus Erasmus+ koost\u00f6\u00f6projekt\" tabindex=\"-1\" >\n\t\t\tLoe rohkem&gt;&gt;\t\t<\/a>\n\n\t\t\t\t<\/div>\n\t\t\t\t<\/article>\n\t\t\t\t<article class=\"elementor-post elementor-grid-item post-4211 post type-post status-publish format-standard has-post-thumbnail hentry category-erasmus\" role=\"listitem\">\n\t\t\t\t<a class=\"elementor-post__thumbnail__link\" href=\"https:\/\/polvakool.ee\/test\/polva-kooli-keskmaja-opilaste-erasmus-opiranne-hispaanias-avas-enesevaljenduskunsti-tagamaid\/\" tabindex=\"-1\" >\n\t\t\t<div class=\"elementor-post__thumbnail\"><img loading=\"lazy\" decoding=\"async\" width=\"2048\" height=\"1536\" src=\"https:\/\/polvakool.ee\/test\/wp-content\/uploads\/2025\/10\/IMG-20251007-WA0021.jpg\" class=\"attachment-full size-full wp-image-4212\" alt=\"\" srcset=\"https:\/\/polvakool.ee\/test\/wp-content\/uploads\/2025\/10\/IMG-20251007-WA0021.jpg 2048w, https:\/\/polvakool.ee\/test\/wp-content\/uploads\/2025\/10\/IMG-20251007-WA0021-300x225.jpg 300w, https:\/\/polvakool.ee\/test\/wp-content\/uploads\/2025\/10\/IMG-20251007-WA0021-1024x768.jpg 1024w, https:\/\/polvakool.ee\/test\/wp-content\/uploads\/2025\/10\/IMG-20251007-WA0021-768x576.jpg 768w, https:\/\/polvakool.ee\/test\/wp-content\/uploads\/2025\/10\/IMG-20251007-WA0021-1536x1152.jpg 1536w\" sizes=\"(max-width: 2048px) 100vw, 2048px\" \/><\/div>\n\t\t<\/a>\n\t\t\t\t<div class=\"elementor-post__text\">\n\t\t\t\t<h3 class=\"elementor-post__title\">\n\t\t\t<a href=\"https:\/\/polvakool.ee\/test\/polva-kooli-keskmaja-opilaste-erasmus-opiranne-hispaanias-avas-enesevaljenduskunsti-tagamaid\/\" >\n\t\t\t\tP\u00f5lva Kooli keskmaja \u00f5pilaste Erasmus+ \u00f5pir\u00e4nne Hispaanias avas enesev\u00e4ljenduskunsti tagamaid\t\t\t<\/a>\n\t\t<\/h3>\n\t\t\t\t<div class=\"elementor-post__excerpt\">\n\t\t\t<p>6.\u201310. oktoobril osalesid k\u00fcmme P\u00f5lva Kooli keskmaja 8.\u20139. klassi \u00f5pilast \u00f5pir\u00e4ndel Hispaanias, Granollersi linnas. \u00d5pilasi v\u00f5\u00f5rustas Celesti Bellera kool, kus viibisid samal ajal ka k\u00fclalised Portugalist. &nbsp; \u00d5pir\u00e4nde teema oli<\/p>\n\t\t<\/div>\n\t\t\n\t\t<a class=\"elementor-post__read-more\" href=\"https:\/\/polvakool.ee\/test\/polva-kooli-keskmaja-opilaste-erasmus-opiranne-hispaanias-avas-enesevaljenduskunsti-tagamaid\/\" aria-label=\"Read more about P\u00f5lva Kooli keskmaja \u00f5pilaste Erasmus+ \u00f5pir\u00e4nne Hispaanias avas enesev\u00e4ljenduskunsti tagamaid\" tabindex=\"-1\" >\n\t\t\tLoe rohkem&gt;&gt;\t\t<\/a>\n\n\t\t\t\t<\/div>\n\t\t\t\t<\/article>\n\t\t\t\t<article class=\"elementor-post elementor-grid-item post-4193 post type-post status-publish format-standard has-post-thumbnail hentry category-erasmus\" role=\"listitem\">\n\t\t\t\t<a class=\"elementor-post__thumbnail__link\" href=\"https:\/\/polvakool.ee\/test\/opiranne-madeira-saarel-2\/\" tabindex=\"-1\" >\n\t\t\t<div class=\"elementor-post__thumbnail\"><img loading=\"lazy\" decoding=\"async\" width=\"1024\" height=\"768\" src=\"https:\/\/polvakool.ee\/test\/wp-content\/uploads\/2025\/10\/43c49060-1b81-4ecb-9910-74d60145d9f9.webp\" class=\"attachment-full size-full wp-image-4153\" alt=\"\" srcset=\"https:\/\/polvakool.ee\/test\/wp-content\/uploads\/2025\/10\/43c49060-1b81-4ecb-9910-74d60145d9f9.webp 1024w, https:\/\/polvakool.ee\/test\/wp-content\/uploads\/2025\/10\/43c49060-1b81-4ecb-9910-74d60145d9f9-300x225.webp 300w, https:\/\/polvakool.ee\/test\/wp-content\/uploads\/2025\/10\/43c49060-1b81-4ecb-9910-74d60145d9f9-768x576.webp 768w\" sizes=\"(max-width: 1024px) 100vw, 1024px\" \/><\/div>\n\t\t<\/a>\n\t\t\t\t<div class=\"elementor-post__text\">\n\t\t\t\t<h3 class=\"elementor-post__title\">\n\t\t\t<a href=\"https:\/\/polvakool.ee\/test\/opiranne-madeira-saarel-2\/\" >\n\t\t\t\t\u00d5pir\u00e4nne Madeira saarel\t\t\t<\/a>\n\t\t<\/h3>\n\t\t\t\t<div class=\"elementor-post__excerpt\">\n\t\t\t<p>15.-20.septembrini osalesime \u00f5pir\u00e4ndel Madeira saarel. Funchali linnas toimuv Europass Teacher Academy koolitus kandis pealkirja &#8221;Social and Emotional Learning (SEL) for Successful Schools&#8221;. Osalejaid oli lisaks Hollandist ja Saksamaalt.\u00a0 Koolitusel keskenduti<\/p>\n\t\t<\/div>\n\t\t\n\t\t<a class=\"elementor-post__read-more\" href=\"https:\/\/polvakool.ee\/test\/opiranne-madeira-saarel-2\/\" aria-label=\"Read more about \u00d5pir\u00e4nne Madeira saarel\" tabindex=\"-1\" >\n\t\t\tLoe rohkem&gt;&gt;\t\t<\/a>\n\n\t\t\t\t<\/div>\n\t\t\t\t<\/article>\n\t\t\t\t<\/div>\n\t\t\n\t\t\t\t\t\t<\/div>\n\t\t\t\t<\/div>\n\t\t<div class=\"elementor-element elementor-element-d70505f e-con-full e-flex e-con e-child\" data-id=\"d70505f\" data-element_type=\"container\" data-e-type=\"container\">\n\t\t\t\t<div class=\"elementor-element elementor-element-56dbf6d3 elementor-widget elementor-widget-text-editor\" data-id=\"56dbf6d3\" data-element_type=\"widget\" data-e-type=\"widget\" data-widget_type=\"text-editor.default\">\n\t\t\t\t<div class=\"elementor-widget-container\">\n\t\t\t\t\t\t\t\t\t<h2><a style=\"background-color: #f5f5f5; font-size: 1rem;\" href=\"https:\/\/polvakool.ee\/test\/projektid\/erasmus-akrediteering\">P\u00f5lva Kool on Erasmus+ akrediteeritud kool<\/a><\/h2><p><a href=\"https:\/\/polvakool.ee\/test\/projektid\/oppeprotsesside-taiendamine-loimimisega-erinevatel-tasanditel\">\u201e\u00d5ppeprotsesside t\u00e4iendamine l\u00f5imimisega erinevatel tasanditel\u201d<\/a>\u00a0(Erasmus+ KA1 \u00f5pir\u00e4nne 2022\/23)<br \/><a href=\"https:\/\/polvakool.ee\/test\/projektid\/protect-ecosystem-and-life\">\u201cProtect Ecosystem and Life\u201d<\/a>\u00a0(2020\u2013l\u00f5ppt\u00e4htaeg pikendatud 2023) (Erasmus+ KA229)<\/p><h4><a href=\"https:\/\/polvaopiranne.wordpress.com\/\">P\u00f5lva Kooli \u00f5pir\u00e4nnete blogi arhiiv<\/a><\/h4>\t\t\t\t\t\t\t\t<\/div>\n\t\t\t\t<\/div>\n\t\t\t\t<\/div>\n\t\t\t\t\t<\/div>\n\t\t\t\t<\/div>\n\t\t\t\t<\/div>\n\t\t","protected":false},"excerpt":{"rendered":"<p>Erasmus+ P\u00f5lva Kool on Erasmus+ akrediteeritud kool \u201e\u00d5ppeprotsesside t\u00e4iendamine l\u00f5imimisega erinevatel tasanditel\u201d\u00a0(Erasmus+ KA1 \u00f5pir\u00e4nne 2022\/23)\u201cProtect Ecosystem and Life\u201d\u00a0(2020\u2013l\u00f5ppt\u00e4htaeg pikendatud 2023) (Erasmus+ KA229) P\u00f5lva Kooli \u00f5pir\u00e4nnete blogi arhiiv<\/p>\n","protected":false},"author":1,"featured_media":0,"parent":0,"menu_order":0,"comment_status":"closed","ping_status":"closed","template":"elementor_header_footer","meta":{"_acf_changed":false,"iawp_total_views":296,"footnotes":""},"class_list":["post-767","page","type-page","status-publish","hentry"],"acf":[],"_links":{"self":[{"href":"https:\/\/polvakool.ee\/test\/wp-json\/wp\/v2\/pages\/767","targetHints":{"allow":["GET"]}}],"collection":[{"href":"https:\/\/polvakool.ee\/test\/wp-json\/wp\/v2\/pages"}],"about":[{"href":"https:\/\/polvakool.ee\/test\/wp-json\/wp\/v2\/types\/page"}],"author":[{"embeddable":true,"href":"https:\/\/polvakool.ee\/test\/wp-json\/wp\/v2\/users\/1"}],"replies":[{"embeddable":true,"href":"https:\/\/polvakool.ee\/test\/wp-json\/wp\/v2\/comments?post=767"}],"version-history":[{"count":32,"href":"https:\/\/polvakool.ee\/test\/wp-json\/wp\/v2\/pages\/767\/revisions"}],"predecessor-version":[{"id":4161,"href":"https:\/\/polvakool.ee\/test\/wp-json\/wp\/v2\/pages\/767\/revisions\/4161"}],"wp:attachment":[{"href":"https:\/\/polvakool.ee\/test\/wp-json\/wp\/v2\/media?parent=767"}],"curies":[{"name":"wp","href":"https:\/\/api.w.org\/{rel}","templated":true}]}}