{"id":770,"date":"2024-10-28T18:05:04","date_gmt":"2024-10-28T18:05:04","guid":{"rendered":"https:\/\/vana.polvakool.ee\/?page_id=770"},"modified":"2024-11-15T08:34:00","modified_gmt":"2024-11-15T06:34:00","slug":"ettevotlik-kool","status":"publish","type":"page","link":"https:\/\/polvakool.ee\/test\/ettevotlik-kool\/","title":{"rendered":"Ettev\u00f5tlik Kool"},"content":{"rendered":"\t\t<div data-elementor-type=\"wp-page\" data-elementor-id=\"770\" class=\"elementor elementor-770\" data-elementor-post-type=\"page\">\n\t\t\t\t<div class=\"elementor-element elementor-element-4cf6ddb5 e-flex e-con-boxed e-con e-parent\" data-id=\"4cf6ddb5\" data-element_type=\"container\" data-e-type=\"container\" data-settings=\"{&quot;background_background&quot;:&quot;classic&quot;}\">\n\t\t\t\t\t<div class=\"e-con-inner\">\n\t\t<div class=\"elementor-element elementor-element-27160f2c e-con-full e-flex e-con e-child\" data-id=\"27160f2c\" data-element_type=\"container\" data-e-type=\"container\" data-settings=\"{&quot;background_background&quot;:&quot;classic&quot;}\">\n\t\t\t\t<div class=\"elementor-element elementor-element-1b619b83 elementor-widget elementor-widget-heading\" data-id=\"1b619b83\" data-element_type=\"widget\" data-e-type=\"widget\" data-widget_type=\"heading.default\">\n\t\t\t\t<div class=\"elementor-widget-container\">\n\t\t\t\t\t<h2 class=\"elementor-heading-title elementor-size-default\">ettev\u00f5tlik kool<\/h2>\t\t\t\t<\/div>\n\t\t\t\t<\/div>\n\t\t\t\t<\/div>\n\t\t<div class=\"elementor-element elementor-element-20aefed1 e-con-full e-flex e-con e-child\" data-id=\"20aefed1\" data-element_type=\"container\" data-e-type=\"container\">\n\t\t\t\t<div class=\"elementor-element elementor-element-1ff4be9a elementor-widget elementor-widget-text-editor\" data-id=\"1ff4be9a\" data-element_type=\"widget\" data-e-type=\"widget\" data-widget_type=\"text-editor.default\">\n\t\t\t\t<div class=\"elementor-widget-container\">\n\t\t\t\t\t\t\t\t\t<p>P\u00f5lva Kool \u00a0liitus Ettev\u00f5tliku Kooli haridusprogrammiga \u00a02022\/23. \u00f5ppeaastal.<\/p><p>Ettev\u00f5tlik Kool on kaasaegse hariduse kvaliteedim\u00e4rk, mis on koondnimetus p\u00f5nevale ja kaasavale \u00f5ppimise metoodikale ning \u00fchtlasi haridusprogramm, mis toob koolidesse ja lasteaedadesse rohkem iseseisvat ja ettev\u00f5tlikku hoiakut, arendab lastes otsustusv\u00f5imet ja \u00e4rgitab tegutsemishimu.<\/p><p>Rohkem infot Ettev\u00f5tliku Kooli\u00a0<a href=\"https:\/\/evkool.ee\/\">kodulehel<\/a>.<\/p>\t\t\t\t\t\t\t\t<\/div>\n\t\t\t\t<\/div>\n\t\t\t\t<\/div>\n\t\t\t\t\t<\/div>\n\t\t\t\t<\/div>\n\t\t\t\t<\/div>\n\t\t","protected":false},"excerpt":{"rendered":"<p>ettev\u00f5tlik kool P\u00f5lva Kool \u00a0liitus Ettev\u00f5tliku Kooli haridusprogrammiga \u00a02022\/23. \u00f5ppeaastal. Ettev\u00f5tlik Kool on kaasaegse hariduse kvaliteedim\u00e4rk, mis on koondnimetus p\u00f5nevale ja kaasavale \u00f5ppimise metoodikale ning \u00fchtlasi haridusprogramm, mis toob koolidesse ja lasteaedadesse rohkem iseseisvat ja ettev\u00f5tlikku hoiakut, arendab lastes otsustusv\u00f5imet ja \u00e4rgitab tegutsemishimu. Rohkem infot Ettev\u00f5tliku Kooli\u00a0kodulehel.<\/p>\n","protected":false},"author":1,"featured_media":0,"parent":0,"menu_order":0,"comment_status":"closed","ping_status":"closed","template":"elementor_header_footer","meta":{"_acf_changed":false,"iawp_total_views":113,"footnotes":""},"class_list":["post-770","page","type-page","status-publish","hentry"],"acf":[],"_links":{"self":[{"href":"https:\/\/polvakool.ee\/test\/wp-json\/wp\/v2\/pages\/770","targetHints":{"allow":["GET"]}}],"collection":[{"href":"https:\/\/polvakool.ee\/test\/wp-json\/wp\/v2\/pages"}],"about":[{"href":"https:\/\/polvakool.ee\/test\/wp-json\/wp\/v2\/types\/page"}],"author":[{"embeddable":true,"href":"https:\/\/polvakool.ee\/test\/wp-json\/wp\/v2\/users\/1"}],"replies":[{"embeddable":true,"href":"https:\/\/polvakool.ee\/test\/wp-json\/wp\/v2\/comments?post=770"}],"version-history":[{"count":4,"href":"https:\/\/polvakool.ee\/test\/wp-json\/wp\/v2\/pages\/770\/revisions"}],"predecessor-version":[{"id":1400,"href":"https:\/\/polvakool.ee\/test\/wp-json\/wp\/v2\/pages\/770\/revisions\/1400"}],"wp:attachment":[{"href":"https:\/\/polvakool.ee\/test\/wp-json\/wp\/v2\/media?parent=770"}],"curies":[{"name":"wp","href":"https:\/\/api.w.org\/{rel}","templated":true}]}}