{"id":795,"date":"2024-10-28T18:15:43","date_gmt":"2024-10-28T18:15:43","guid":{"rendered":"https:\/\/vana.polvakool.ee\/?page_id=795"},"modified":"2024-11-15T12:51:30","modified_gmt":"2024-11-15T10:51:30","slug":"rajaleidja","status":"publish","type":"page","link":"https:\/\/polvakool.ee\/test\/rajaleidja\/","title":{"rendered":"Rajaleidja"},"content":{"rendered":"\t\t<div data-elementor-type=\"wp-page\" data-elementor-id=\"795\" class=\"elementor elementor-795\" data-elementor-post-type=\"page\">\n\t\t\t\t<div class=\"elementor-element elementor-element-43a489ff e-flex e-con-boxed e-con e-parent\" data-id=\"43a489ff\" data-element_type=\"container\" data-e-type=\"container\" data-settings=\"{&quot;background_background&quot;:&quot;classic&quot;}\">\n\t\t\t\t\t<div class=\"e-con-inner\">\n\t\t<div class=\"elementor-element elementor-element-3d237e7a e-con-full e-flex e-con e-child\" data-id=\"3d237e7a\" data-element_type=\"container\" data-e-type=\"container\" data-settings=\"{&quot;background_background&quot;:&quot;classic&quot;}\">\n\t\t\t\t<div class=\"elementor-element elementor-element-32590f34 elementor-widget elementor-widget-heading\" data-id=\"32590f34\" data-element_type=\"widget\" data-e-type=\"widget\" data-widget_type=\"heading.default\">\n\t\t\t\t<div class=\"elementor-widget-container\">\n\t\t\t\t\t<h2 class=\"elementor-heading-title elementor-size-default\">Rajaleidja<\/h2>\t\t\t\t<\/div>\n\t\t\t\t<\/div>\n\t\t\t\t<\/div>\n\t\t<div class=\"elementor-element elementor-element-7b565f7b e-con-full e-flex e-con e-child\" data-id=\"7b565f7b\" data-element_type=\"container\" data-e-type=\"container\">\n\t\t\t\t<div class=\"elementor-element elementor-element-62ef2f5a elementor-widget elementor-widget-text-editor\" data-id=\"62ef2f5a\" data-element_type=\"widget\" data-e-type=\"widget\" data-widget_type=\"text-editor.default\">\n\t\t\t\t<div class=\"elementor-widget-container\">\n\t\t\t\t\t\t\t\t\t<h2>INNOVE Rajaleidja keskus P\u00f5lvas<\/h2><p>Innove Rajaleidja on \u00fcle-eestiline v\u00f5rgustik, kus t\u00f6\u00f6tavad logopeedid, eripedagoogid, ps\u00fchholoogid ja sotsiaalpedagoogid. Rajaleidja pakub\u00a0<strong>tasuta<\/strong>\u00a0<a href=\"https:\/\/www.innove.ee\/rajaleidja\/oppenoustamine\/\">\u00f5ppen\u00f5ustamisteenuseid<\/a>\u00a0ning annab\u00a0<a href=\"https:\/\/www.innove.ee\/rajaleidja\/koolivaline-noustamismeeskond\/\">kooliv\u00e4lise n\u00f5ustamismeeskonnana<\/a>\u00a0hariduslikke soovitusi haridusasutustele ja lapsevanematele.<\/p><p>Rajaleidjalt saavad tuge t\u00e4iskasvanud, kes kasvatavad ja \u00f5petavad lapsi ning noori vanuses 1,5\u201318 aastat (lapsevanemad, \u00f5petajad, kooli v\u00f5i lasteaia tugispetsialistid, kohaliku omavalitsuse t\u00f6\u00f6tajad jt) ja tunnevad muret lapse arengu ja haridusteel toimetuleku p\u00e4rast.<\/p><p>\u00d5ppen\u00f5ustaja juurde tasub p\u00f6\u00f6rduda, kui lapsel on \u00f5pi- ja\/v\u00f5i suhtlusraskused koolis v\u00f5i koduses elus.<\/p><p><b>Innove Rajaleidja keskus P\u00f5lvas:<br \/><\/b>J. K\u00e4isi 2, 63308, P\u00f5lva<br \/>E\u2013N kell 9.00 \u2013 17.00<br \/>R kell 9.00 \u2013 15.00<br \/><a href=\"http:\/\/www.rajaleidja.ee\/kagueesti\/\">http:\/\/www.rajaleidja.ee\/kagueesti\/<\/a><\/p><p><strong>N\u00f5ustamisaja broneerimiseks palume:<\/strong><br \/>\u2013 helistada telefonil\u00a0<strong>735 0700<\/strong>;<br \/>\u2013 kirjutada e-posti aadressil\u00a0<strong>rajaleidja@rajaleidja.ee<\/strong><br \/>\u2013 v\u00f5i\u00a0<a href=\"https:\/\/khs.innove.ee\/public_service\/public_request\" target=\"_blank\" rel=\"noopener\"><strong>registreeruda n\u00f5ustamisele veebis<\/strong><\/a><strong>.<\/strong><\/p><p>Rohkem infot Rajaleidja keskustes pakutavatest teenustest leiad nende kodulehelt\u00a0<a href=\"http:\/\/www.rajaleidja.ee\/\" target=\"_blank\" rel=\"noopener noreferrer\">www.rajaleidja.ee<\/a><\/p>\t\t\t\t\t\t\t\t<\/div>\n\t\t\t\t<\/div>\n\t\t\t\t<\/div>\n\t\t\t\t\t<\/div>\n\t\t\t\t<\/div>\n\t\t\t\t<\/div>\n\t\t","protected":false},"excerpt":{"rendered":"<p>Rajaleidja INNOVE Rajaleidja keskus P\u00f5lvas Innove Rajaleidja on \u00fcle-eestiline v\u00f5rgustik, kus t\u00f6\u00f6tavad logopeedid, eripedagoogid, ps\u00fchholoogid ja sotsiaalpedagoogid. Rajaleidja pakub\u00a0tasuta\u00a0\u00f5ppen\u00f5ustamisteenuseid\u00a0ning annab\u00a0kooliv\u00e4lise n\u00f5ustamismeeskonnana\u00a0hariduslikke soovitusi haridusasutustele ja lapsevanematele. Rajaleidjalt saavad tuge t\u00e4iskasvanud, kes kasvatavad ja \u00f5petavad lapsi ning noori vanuses 1,5\u201318 aastat (lapsevanemad, \u00f5petajad, kooli v\u00f5i lasteaia tugispetsialistid, kohaliku omavalitsuse t\u00f6\u00f6tajad jt) ja tunnevad muret lapse arengu ja [&hellip;]<\/p>\n","protected":false},"author":1,"featured_media":0,"parent":0,"menu_order":0,"comment_status":"closed","ping_status":"closed","template":"elementor_header_footer","meta":{"_acf_changed":false,"iawp_total_views":267,"footnotes":""},"class_list":["post-795","page","type-page","status-publish","hentry"],"acf":[],"_links":{"self":[{"href":"https:\/\/polvakool.ee\/test\/wp-json\/wp\/v2\/pages\/795","targetHints":{"allow":["GET"]}}],"collection":[{"href":"https:\/\/polvakool.ee\/test\/wp-json\/wp\/v2\/pages"}],"about":[{"href":"https:\/\/polvakool.ee\/test\/wp-json\/wp\/v2\/types\/page"}],"author":[{"embeddable":true,"href":"https:\/\/polvakool.ee\/test\/wp-json\/wp\/v2\/users\/1"}],"replies":[{"embeddable":true,"href":"https:\/\/polvakool.ee\/test\/wp-json\/wp\/v2\/comments?post=795"}],"version-history":[{"count":7,"href":"https:\/\/polvakool.ee\/test\/wp-json\/wp\/v2\/pages\/795\/revisions"}],"predecessor-version":[{"id":1452,"href":"https:\/\/polvakool.ee\/test\/wp-json\/wp\/v2\/pages\/795\/revisions\/1452"}],"wp:attachment":[{"href":"https:\/\/polvakool.ee\/test\/wp-json\/wp\/v2\/media?parent=795"}],"curies":[{"name":"wp","href":"https:\/\/api.w.org\/{rel}","templated":true}]}}