{"id":797,"date":"2024-10-28T18:16:02","date_gmt":"2024-10-28T18:16:02","guid":{"rendered":"https:\/\/vana.polvakool.ee\/?page_id=797"},"modified":"2024-11-25T18:09:59","modified_gmt":"2024-11-25T16:09:59","slug":"vaimne-tervis","status":"publish","type":"page","link":"https:\/\/polvakool.ee\/test\/vaimne-tervis\/","title":{"rendered":"Vaimne tervis"},"content":{"rendered":"\t\t<div data-elementor-type=\"wp-page\" data-elementor-id=\"797\" class=\"elementor elementor-797\" data-elementor-post-type=\"page\">\n\t\t\t\t<div class=\"elementor-element elementor-element-6a911849 e-flex e-con-boxed e-con e-parent\" data-id=\"6a911849\" data-element_type=\"container\" data-e-type=\"container\" data-settings=\"{&quot;background_background&quot;:&quot;classic&quot;}\">\n\t\t\t\t\t<div class=\"e-con-inner\">\n\t\t<div class=\"elementor-element elementor-element-9ae91bb e-con-full e-flex e-con e-child\" data-id=\"9ae91bb\" data-element_type=\"container\" data-e-type=\"container\" data-settings=\"{&quot;background_background&quot;:&quot;classic&quot;}\">\n\t\t\t\t<div class=\"elementor-element elementor-element-7098394 elementor-widget elementor-widget-heading\" data-id=\"7098394\" data-element_type=\"widget\" data-e-type=\"widget\" data-widget_type=\"heading.default\">\n\t\t\t\t<div class=\"elementor-widget-container\">\n\t\t\t\t\t<h2 class=\"elementor-heading-title elementor-size-default\">Vaimne Tervis<\/h2>\t\t\t\t<\/div>\n\t\t\t\t<\/div>\n\t\t\t\t<\/div>\n\t\t<div class=\"elementor-element elementor-element-bbde8a3 e-con-full e-flex e-con e-child\" data-id=\"bbde8a3\" data-element_type=\"container\" data-e-type=\"container\">\n\t\t\t\t<div class=\"elementor-element elementor-element-463b3528 elementor-widget elementor-widget-text-editor\" data-id=\"463b3528\" data-element_type=\"widget\" data-e-type=\"widget\" data-widget_type=\"text-editor.default\">\n\t\t\t\t<div class=\"elementor-widget-container\">\n\t\t\t\t\t\t\t\t\t<h2>P\u00f5lva Haigla laste ja noorte vaimse tervise kabinet<\/h2><p>Kabinet asub P\u00f5lva Haiglas (Uus 2, P\u00f5lva) V korrusel.\u00a0<\/p><p>Eelregistreerimine toimub haigla registratuuris 799 9198, 799 9199 v\u00f5i e-maili teel\u00a0<a href=\"mailto:vtkode@polvahgl.ee\">vtkode@polvahgl.ee<\/a><\/p>\t\t\t\t\t\t\t\t<\/div>\n\t\t\t\t<\/div>\n\t\t\t\t<div class=\"elementor-element elementor-element-7737f77 elementor-widget elementor-widget-google_maps\" data-id=\"7737f77\" data-element_type=\"widget\" data-e-type=\"widget\" data-widget_type=\"google_maps.default\">\n\t\t\t\t<div class=\"elementor-widget-container\">\n\t\t\t\t\t\t\t<div class=\"elementor-custom-embed\">\n\t\t\t<iframe loading=\"lazy\"\n\t\t\t\t\tsrc=\"https:\/\/maps.google.com\/maps?q=uus%202%2C%20p%C3%B5lva&#038;t=m&#038;z=16&#038;output=embed&#038;iwloc=near\"\n\t\t\t\t\ttitle=\"uus 2, p\u00f5lva\"\n\t\t\t\t\taria-label=\"uus 2, p\u00f5lva\"\n\t\t\t><\/iframe>\n\t\t<\/div>\n\t\t\t\t\t\t<\/div>\n\t\t\t\t<\/div>\n\t\t\t\t<div class=\"elementor-element elementor-element-49fc181 elementor-widget elementor-widget-text-editor\" data-id=\"49fc181\" data-element_type=\"widget\" data-e-type=\"widget\" data-widget_type=\"text-editor.default\">\n\t\t\t\t<div class=\"elementor-widget-container\">\n\t\t\t\t\t\t\t\t\t<p><strong>Vaimse tervise kabinettides pakutavad teenused:<\/strong><\/p>\n<p>Vaimse tervise kabineti teenus on tervishoiuteenus, mille peamiseks sisuks on probleemi t\u00e4psustamine ja seisundi hindamine, n\u00f5ustamine, pere ja tugiv\u00f5rgustiku liikmete toetamine. Kabinetis pakutavate teenuste sihtgrupiks on lapsed ja noorukid kuni 18. eluaastani, nende vanemad\/hooldajad ning lastega tegelevad spetsialistid.<br>Meeskond l\u00e4htub oma t\u00f6\u00f6s lapse individuaalsusest ja tema paremaid huve arvestades ning teeb koost\u00f6\u00f6d lapse, tema pere ja v\u00f5rgustikuliikmetega. Kabineti meeskonna t\u00f6\u00f6 h\u00f5lmab ka vaimse tervise probleemide ennetamist ning koost\u00f6\u00f6d teiste lapsega tegelevate spetsialistidega.<\/p>\n<p>Vaimse tervise \u00f5e vastuv\u00f5tt:<\/p>\n<ul>\n<li>vaimse tervise probleemi selgitamine;<\/li>\n<li>vajadusel ps\u00fchhiaatri vastuv\u00f5tule v\u00f5i vaimse tervise probleemidega seotud teenustele suunamine;<\/li>\n<li>patsiendi terviseseisundi regulaarne j\u00e4lgimine ja muutuste hindamine;<\/li>\n<li>patsiendi ja tema l\u00e4hedaste n\u00f5ustamine ja juhendamine.<\/li>\n<\/ul><div><br><\/div>\n<p>Ps\u00fchholoogi vastuv\u00f5tt:<\/p>\n<ul>\n<li>seisundi hindamine kasutades ps\u00fchholoogias tunnustatud uurimisvahendeid ja -meetodeid;<\/li>\n<li>ps\u00fchholoogiline n\u00f5ustamine;<\/li>\n<li>ps\u00fchhoteraapia.<\/li>\n<\/ul><div><br><\/div>\n<p>Sotsiaalt\u00f6\u00f6taja vastuv\u00f5tt:<\/p>\n<ul>\n<li>patsiendi sotsiaalsete m\u00f5jurite hindamine;<\/li>\n<li>toimetulekuv\u00f5ime edendamine;<\/li>\n<li>info jagamine erinevate sotsiaal- ja tugiteenuste kohta;<\/li>\n<li>v\u00f5rgustikut\u00f6\u00f6 korraldamine.<\/li>\n<\/ul>\n<p>Meeskonna vastuv\u00f5tt on ambulatoorne tervishoiuteenus, kus lapse v\u00f5i nooruki seisundi hindamiseks on vaja mitme spetsialisti koost\u00f6\u00f6d.<\/p>\n<p>Vt voldikut&nbsp;<a href=\"http:\/\/enesetunne.ee\/wp-content\/uploads\/2017\/01\/74298_lounaeesti_vaimse-tervise-voldik.pdf\" target=\"_blank\" rel=\"noopener noreferrer\"><strong>SIIT<\/strong><\/a>.<\/p>\t\t\t\t\t\t\t\t<\/div>\n\t\t\t\t<\/div>\n\t\t\t\t<\/div>\n\t\t\t\t\t<\/div>\n\t\t\t\t<\/div>\n\t\t\t\t<\/div>\n\t\t","protected":false},"excerpt":{"rendered":"<p>Vaimne Tervis P\u00f5lva Haigla laste ja noorte vaimse tervise kabinet Kabinet asub P\u00f5lva Haiglas (Uus 2, P\u00f5lva) V korrusel.\u00a0 Eelregistreerimine toimub haigla registratuuris 799 9198, 799 9199 v\u00f5i e-maili teel\u00a0vtkode@polvahgl.ee Vaimse tervise kabinettides pakutavad teenused: Vaimse tervise kabineti teenus on tervishoiuteenus, mille peamiseks sisuks on probleemi t\u00e4psustamine ja seisundi hindamine, n\u00f5ustamine, pere ja tugiv\u00f5rgustiku liikmete [&hellip;]<\/p>\n","protected":false},"author":1,"featured_media":0,"parent":0,"menu_order":0,"comment_status":"closed","ping_status":"closed","template":"elementor_header_footer","meta":{"_acf_changed":false,"iawp_total_views":238,"footnotes":""},"class_list":["post-797","page","type-page","status-publish","hentry"],"acf":[],"_links":{"self":[{"href":"https:\/\/polvakool.ee\/test\/wp-json\/wp\/v2\/pages\/797","targetHints":{"allow":["GET"]}}],"collection":[{"href":"https:\/\/polvakool.ee\/test\/wp-json\/wp\/v2\/pages"}],"about":[{"href":"https:\/\/polvakool.ee\/test\/wp-json\/wp\/v2\/types\/page"}],"author":[{"embeddable":true,"href":"https:\/\/polvakool.ee\/test\/wp-json\/wp\/v2\/users\/1"}],"replies":[{"embeddable":true,"href":"https:\/\/polvakool.ee\/test\/wp-json\/wp\/v2\/comments?post=797"}],"version-history":[{"count":22,"href":"https:\/\/polvakool.ee\/test\/wp-json\/wp\/v2\/pages\/797\/revisions"}],"predecessor-version":[{"id":1564,"href":"https:\/\/polvakool.ee\/test\/wp-json\/wp\/v2\/pages\/797\/revisions\/1564"}],"wp:attachment":[{"href":"https:\/\/polvakool.ee\/test\/wp-json\/wp\/v2\/media?parent=797"}],"curies":[{"name":"wp","href":"https:\/\/api.w.org\/{rel}","templated":true}]}}