{"id":799,"date":"2024-10-28T18:16:23","date_gmt":"2024-10-28T18:16:23","guid":{"rendered":"https:\/\/vana.polvakool.ee\/?page_id=799"},"modified":"2024-11-15T14:36:32","modified_gmt":"2024-11-15T12:36:32","slug":"kasulikud-lingid","status":"publish","type":"page","link":"https:\/\/polvakool.ee\/test\/kasulikud-lingid\/","title":{"rendered":"Kasulikud lingid"},"content":{"rendered":"\t\t<div data-elementor-type=\"wp-page\" data-elementor-id=\"799\" class=\"elementor elementor-799\" data-elementor-post-type=\"page\">\n\t\t\t\t<div class=\"elementor-element elementor-element-2bb1fe74 e-flex e-con-boxed e-con e-parent\" data-id=\"2bb1fe74\" data-element_type=\"container\" data-e-type=\"container\" data-settings=\"{&quot;background_background&quot;:&quot;classic&quot;}\">\n\t\t\t\t\t<div class=\"e-con-inner\">\n\t\t<div class=\"elementor-element elementor-element-368e4406 e-con-full e-flex e-con e-child\" data-id=\"368e4406\" data-element_type=\"container\" data-e-type=\"container\" data-settings=\"{&quot;background_background&quot;:&quot;classic&quot;}\">\n\t\t\t\t<div class=\"elementor-element elementor-element-34e1b50e elementor-widget elementor-widget-heading\" data-id=\"34e1b50e\" data-element_type=\"widget\" data-e-type=\"widget\" data-widget_type=\"heading.default\">\n\t\t\t\t<div class=\"elementor-widget-container\">\n\t\t\t\t\t<h2 class=\"elementor-heading-title elementor-size-default\">kasulikud lingid<\/h2>\t\t\t\t<\/div>\n\t\t\t\t<\/div>\n\t\t\t\t<\/div>\n\t\t<div class=\"elementor-element elementor-element-41940766 e-con-full e-flex e-con e-child\" data-id=\"41940766\" data-element_type=\"container\" data-e-type=\"container\">\n\t\t\t\t<div class=\"elementor-element elementor-element-68047587 elementor-widget elementor-widget-text-editor\" data-id=\"68047587\" data-element_type=\"widget\" data-e-type=\"widget\" data-widget_type=\"text-editor.default\">\n\t\t\t\t<div class=\"elementor-widget-container\">\n\t\t\t\t\t\t\t\t\t<p><em><strong>\u00d5pilastele<\/strong><\/em><\/p>\n<p>Kui Sul on mure, siis uuri j\u00e4rgmisi linke:<\/p>\n<ul>\n<li><a href=\"http:\/\/www.rajaleidja.ee\/\">Rajaleidja.ee<\/a>&nbsp;Siit leiad palju huvitavat, et uurida iseennast ja oma tulevikku planeerida.<\/li>\n<li><a href=\"http:\/\/www.lahendus.net\/\">Lahendus.net<\/a>&nbsp;Kui Sul on mure, siis kirjuta noortele, kes Sind aitavad.<\/li>\n<li><a href=\"http:\/\/www.lapsemure.ee\/\">Lapsemure.ee&nbsp;<\/a>&nbsp;Kui Sul on mure ja Sul ei ole kellegagi r\u00e4\u00e4kida v\u00f5i kui Sa tahad midagi k\u00fcsida, siis kirjuta siia.<\/li>\n<li><a href=\"http:\/\/www.amor.ee\/\">Amor.ee<\/a>&nbsp;Amor Internetin\u00f5ustamine on Eesti Seksuaaltervise Liidu (ESTL) seksuaal- ja reproduktiivtervisealane infolehek\u00fclg. Anon\u00fc\u00fcmne interneti teel n\u00f5u k\u00fcsimise v\u00f5imalus on m\u00f5eldud eelk\u00f5ige kuni 24-aastastele noortele.<\/li>\n<li><a href=\"http:\/\/www.kliinik.ee\/\">Kliinik.ee<\/a>&nbsp;Siin saad k\u00fcsida n\u00f5u arstidelt.<\/li>\n<li><a href=\"http:\/\/lasteturva.ee\/\">Tallinna Laste Turvakeskus<\/a><\/li>\n<li><a href=\"http:\/\/www.sinamina.ee\/\">Perekeskus Sina ja Mina<\/a>&nbsp;foorumist leiad noortele m\u00f5eldud foorumi.<\/li>\n<li><a href=\"http:\/\/www.lasteabi.ee\/\">Lasteabi<\/a><\/li>\n<li><a href=\"http:\/\/www.kooli.ee\/\">Kooli.ee<\/a><\/li>\n<li>Usaldustelefonid: * 24h usaldustelefon: 126; * Ps\u00fchholoogiline kriisiabi E-R kl 9-20: 6314 300; * Emotsionaalse toe telefon E-P kl 19-07: 6558 088<\/li>\n<li><a href=\"http:\/\/www.tstk.ee\/sisu-psuhholoogi-vastuvott\">Tasuta ps\u00fchholoogiline abi Tartus<\/a><\/li>\n<li><a href=\"http:\/\/peaasi.ee\/\">Peaasi.ee<\/a><\/li>\n<\/ul><div><br><\/div>\n<p><em><strong>Vanematele ja \u00f5petajatele<\/strong><\/em><\/p>\n<p>Kui otsid kohta, kuhu oma murega p\u00f6\u00f6rduda:<\/p>\n<ul>\n<li><a href=\"http:\/\/www.lastekaitseliit.ee\/\">Lastekaitse Liit<\/a><\/li>\n<li><a href=\"http:\/\/www.lastekriis.ee\/\">MT\u00dc Laste- ja Noorte Kriisiprogramm<\/a><\/li>\n<li><a href=\"http:\/\/www.lastehaigla.ee\/\">SA Tallinna Lastehaigla<\/a><\/li>\n<li><a href=\"http:\/\/www.sinamina.ee\/\">Perekeskus Sina ja Mina<\/a><\/li>\n<li><a href=\"http:\/\/pereterapeudid.ee\/\">Eesti Pereterapia \u00dching, blogi<\/a><\/li>\n<li><a href=\"http:\/\/www.tugikeskus.org.ee\/kodu\/\">Tartu Laste Tugikeskus<\/a><\/li>\n<li><a href=\"http:\/\/www.sensus.ee\/\">Ps\u00fchholoogilise N\u00f5ustamise Keskus Sensus<\/a><\/li>\n<li><a href=\"http:\/\/www.laps.ee\/\">Eesti Lastevanemate Liit<\/a><\/li>\n<li><a href=\"http:\/\/www.rajaleidja.ee\/\">Rajaleidja<\/a><\/li>\n<li><a href=\"http:\/\/www.amor.ee\/\">Amor<\/a><\/li>\n<li><a href=\"http:\/\/www.eluliin.ee\/\">Eluliin<\/a><\/li>\n<li><a href=\"http:\/\/www.kooli.ee\/\">Kooli<\/a><\/li>\n<\/ul>\t\t\t\t\t\t\t\t<\/div>\n\t\t\t\t<\/div>\n\t\t\t\t<\/div>\n\t\t\t\t\t<\/div>\n\t\t\t\t<\/div>\n\t\t\t\t<\/div>\n\t\t","protected":false},"excerpt":{"rendered":"<p>kasulikud lingid \u00d5pilastele Kui Sul on mure, siis uuri j\u00e4rgmisi linke: Rajaleidja.ee&nbsp;Siit leiad palju huvitavat, et uurida iseennast ja oma tulevikku planeerida. Lahendus.net&nbsp;Kui Sul on mure, siis kirjuta noortele, kes Sind aitavad. Lapsemure.ee&nbsp;&nbsp;Kui Sul on mure ja Sul ei ole kellegagi r\u00e4\u00e4kida v\u00f5i kui Sa tahad midagi k\u00fcsida, siis kirjuta siia. Amor.ee&nbsp;Amor Internetin\u00f5ustamine on Eesti [&hellip;]<\/p>\n","protected":false},"author":1,"featured_media":0,"parent":0,"menu_order":0,"comment_status":"closed","ping_status":"closed","template":"elementor_header_footer","meta":{"_acf_changed":false,"iawp_total_views":160,"footnotes":""},"class_list":["post-799","page","type-page","status-publish","hentry"],"acf":[],"_links":{"self":[{"href":"https:\/\/polvakool.ee\/test\/wp-json\/wp\/v2\/pages\/799","targetHints":{"allow":["GET"]}}],"collection":[{"href":"https:\/\/polvakool.ee\/test\/wp-json\/wp\/v2\/pages"}],"about":[{"href":"https:\/\/polvakool.ee\/test\/wp-json\/wp\/v2\/types\/page"}],"author":[{"embeddable":true,"href":"https:\/\/polvakool.ee\/test\/wp-json\/wp\/v2\/users\/1"}],"replies":[{"embeddable":true,"href":"https:\/\/polvakool.ee\/test\/wp-json\/wp\/v2\/comments?post=799"}],"version-history":[{"count":7,"href":"https:\/\/polvakool.ee\/test\/wp-json\/wp\/v2\/pages\/799\/revisions"}],"predecessor-version":[{"id":1481,"href":"https:\/\/polvakool.ee\/test\/wp-json\/wp\/v2\/pages\/799\/revisions\/1481"}],"wp:attachment":[{"href":"https:\/\/polvakool.ee\/test\/wp-json\/wp\/v2\/media?parent=799"}],"curies":[{"name":"wp","href":"https:\/\/api.w.org\/{rel}","templated":true}]}}